{"id":901,"date":"2021-11-24T19:41:55","date_gmt":"2021-11-24T19:41:55","guid":{"rendered":"https:\/\/cc-bc.com\/?page_id=901"},"modified":"2021-11-24T19:41:55","modified_gmt":"2021-11-24T19:41:55","slug":"programas-asistencia-financiera-propietarios-vivienda-erma-nj","status":"publish","type":"page","link":"https:\/\/cc-bc.com\/es\/programas-asistencia-financiera-propietarios-vivienda-erma-nj\/","title":{"rendered":"Asistencia Para Propietarios De Viviendas en NJ"},"content":{"rendered":"\n<p><\/p>\n\n\n\n<div vt-id=\"24ab9f72-7535-4f66-af38-1fd04cb40e42\" class=\"wp-block-vt-container ab-block-container\"><div class=\"ab-container-inside container\"><div class=\"ab-container-content\">\n<div vt-id=\"edf7929f-8809-4555-b744-57f10b2cbf6a\" class=\"wp-block-vt-ab-columns ab-layout-columns-2 md_6_6\"><div class=\"ab-layout-column-wrap row\">\n<div vt-id=\"e3a82a23-629c-471b-81c2-7a91f1b1e5bb\" class=\"col-12 col-xl-5 col-lg-6 col-sm-11 col-xs-12 col-md-12 ab-block-layout-column\"><div class=\"ab-block-layout-column-inner\">\n<figure class=\"wp-block-image size-full\"><img decoding=\"async\" src=\"https:\/\/cc-bc.com\/wp-content\/uploads\/2021\/11\/HousingProfesionalHelp.jpg\" alt=\"\" class=\"wp-image-903\"\/><\/figure>\n<\/div><\/div>\n\n\n\n<div vt-id=\"ec5b709d-8bd9-47d5-b015-70327310bd66\" class=\"col-12 col-xl-6 col-lg-6 col-sm-12 col-xs-12 col-md-12 ab-block-layout-column\"><div class=\"ab-block-layout-column-inner\">\n<h4 class=\"wp-block-heading\">LLAME PARA PEDIR AYUDA <a class=\"tracking-phone-click\" href=\"tel:(888) 738-8233\"><span class=\"tracking-phone\">(888) 738-8233<\/span><\/a><\/h4>\n\n\n\n<h1 class=\"wp-block-heading\"><strong>Programas de asistencia financiera para propietarios de viviendas \/ Preservaci\u00f3n de la propiedad de la vivienda en NJ<\/strong><\/h1>\n\n\n\n<p><\/p>\n\n\n\n<p><\/p>\n\n\n\n<div style=\"text-align:left\" class=\"wp-block-vt-cta\"><a href=\"https:\/\/nfdm.typeform.com\/to\/RRwQfPMA\" class=\"btn btn-primary\" rel=\"noopener noreferrer\">SOLICITUD EN L\u00cdNEA <\/a><\/div>\n\n\n\n<p><\/p>\n\n\n\n<div style=\"text-align:left\" class=\"wp-block-vt-cta\"><a href=\"https:\/\/www.nfdm.org\/wp-content\/uploads\/2022\/01\/Homeownership-Preservation-Packet-Fillable-01112022.pdf\" class=\"btn btn-primary\" rel=\"noopener noreferrer\">DESCARGAR FORMULARIO <\/a><\/div>\n\n\n\n<p><\/p>\n\n\n\n<div style=\"text-align:left\" class=\"wp-block-vt-cta\"><a href=\"mailto:icruz@nfdm.org\" class=\"btn btn-primary\" rel=\"noopener noreferrer\">SOLICITUD POR CORREO <\/a><\/div>\n\n\n\n<p><\/p>\n<\/div><\/div>\n<\/div><\/div>\n<\/div><\/div><\/div>\n\n\n\n<div vt-id=\"aff66508-c81b-4f28-a574-0a8512177a5c\" style=\"background-color:#f6f6f6\" class=\"wp-block-vt-container ab-block-container\"><div class=\"ab-container-inside\"><div class=\"ab-container-content container\">\n<div vt-id=\"dd1c6d9e-0e3c-4d7c-bf10-2caaae8a8566\" class=\"wp-block-vt-container ab-block-container\"><div class=\"ab-container-inside text-center\"><div class=\"ab-container-content\"><div class=\"flex flex-col\">\n         <H2 class='ml-3 mb-14 | VT-Heading'>Programa de Asistencia Hipotecaria de Rescate de Emergencia (ERMA, por sus siglas en ingl\u00e9s)<\/H2><\/div><\/div><\/div><\/div>\n\n\n\n<div vt-id=\"4b2cb340-a4ed-4689-96c4-7844a4cd5b32\" class=\"wp-block-vt-ab-columns ab-layout-columns-2 md_8_4\"><div class=\"ab-layout-column-wrap row\">\n<div vt-id=\"135d2f46-55c8-412c-a2e6-ee865b1b9f98\" class=\"col-12 col-xl-8 col-lg-8 col-md-8 col-sm-12 col-xs-12 ab-block-layout-column\"><div class=\"ab-block-layout-column-inner\">\n<p>El <strong>Programa de Asistencia Hipotecaria de Rescate de Emergencia (ERMA, por sus siglas en ingl\u00e9s) <\/strong>de Nueva Jersey ofrecer\u00e1 hasta $35,000 por hogar para cubrir las obligaciones y los gastos de los propietarios morosos que cumplan los requisitos:<\/p>\n\n\n\n<ul>\n   <li>Pagos de la hipoteca, incluidos el capital, los intereses, los impuestos y el seguro del propietario<\/li>\n   <li>Asistencia para el restablecimiento de la vivienda<\/li>\n   <li>Otras ayudas a los gastos relacionados con la vivienda que incluyen, entre otros, los siguientes:\n      <ul>\n         <li>escasez de dep\u00f3sitos en garant\u00eda<\/li>\n         <li>impuestos atrasados<\/li>\n         <li>pagos del seguro del propietario de la vivienda<\/li>\n         <li>pagos a los titulares de grav\u00e1menes que hayan adelantado estos pagos atrasados durante la dificultad relacionada con el COVID-19 del propietario de la vivienda.<\/li>\n      <\/ul>\n   <\/li>\n<\/ul>\n\n\n\n<p><strong><em>El programa ERMA se centrar\u00e1 principalmente en poner al d\u00eda a las familias afectadas negativamente por la pandemia del COVID-19 en sus pagos atrasados que pueden correr el riesgo de perder la propiedad de la vivienda.<\/em><\/strong><\/p>\n\n\n\n<p>El programa ERMA tambi\u00e9n ofrece consejer\u00eda en materia de vivienda sin costo alguno para el consumidor. El programa es administrado por la Agencia de Financiaci\u00f3n Hipotecaria de la Vivienda de Nueva Jersey (NJHMFA, por sus siglas en ingl\u00e9s). La NJHMFA ha aprobado el programa Consumer Credit and Budget Counseling (CCBC, por sus siglas en ingl\u00e9s) para ofrecer consejer\u00eda gratuita en todo el estado.&nbsp;<\/p>\n\n\n\n<p>CCBC ofrece un enfoque hol\u00edstico de consejer\u00eda en materia de vivienda.&nbsp; Le aconsejaremos no s\u00f3lo para el <strong>Programa de Asistencia a Propietarios de Viviendas<\/strong>, que forma parte del <strong>Plan de Rescate Americano<\/strong>, sino que tambi\u00e9n le aconsejaremos para un plan de trabajo de Mitigaci\u00f3n de P\u00e9rdidas (modificaci\u00f3n). El <strong>Programa de Asistencia Hipotecaria de Rescate de Emergencia<\/strong> es una soluci\u00f3n a corto plazo que lo pondr\u00e1 al d\u00eda y la <strong>modificaci\u00f3n<\/strong> puede ser la soluci\u00f3n a largo plazo que preserve su propiedad.<\/p>\n<\/div><\/div>\n\n\n\n<div vt-id=\"97177b4d-4b3a-44c9-a3b2-c43c01ca53ca\" class=\"col-12 col-xl-4 col-lg-4 col-md-4 col-sm-12 col-xs-12 ab-block-layout-column\"><div class=\"ab-block-layout-column-inner\">\n<figure class=\"wp-block-image size-full\"><img decoding=\"async\" src=\"https:\/\/cc-bc.com\/wp-content\/uploads\/2021\/11\/HomeownerAssistanceProgram.jpg\" alt=\"\" class=\"wp-image-904\"\/><\/figure>\n<\/div><\/div>\n<\/div><\/div>\n<\/div><\/div><\/div>\n\n\n\n<div vt-id=\"aff66508-c81b-4f28-a574-0a8512177a5c\" style=\"background-color:#ffffff\" class=\"wp-block-vt-container ab-block-container\"><div class=\"ab-container-inside\"><div class=\"ab-container-content container\">\n<div vt-id=\"4e2e0f03-94a0-4f1f-9123-9bd5474aab3a\" class=\"wp-block-vt-container ab-block-container\"><div class=\"ab-container-inside text-center\"><div class=\"ab-container-content\"><div class=\"flex flex-col\">\n         <H2 class='ml-3 mb-14 | VT-Heading'>Intervenci\u00f3n en la ejecuci\u00f3n hipotecaria<\/H2><\/div><\/div><\/div><\/div>\n\n\n\n<div vt-id=\"98ab3876-77e7-4bb1-9cf5-fc688632db43\" class=\"wp-block-vt-ab-columns ab-layout-columns-2 md_8_4\"><div class=\"ab-layout-column-wrap row\">\n<div vt-id=\"135d2f46-55c8-412c-a2e6-ee865b1b9f98\" class=\"col-12 col-sm-12 col-xs-12 col-xl-4 col-lg-4 col-md-4 ab-block-layout-column\"><div class=\"ab-block-layout-column-inner\">\n<figure class=\"wp-block-image size-full\"><img decoding=\"async\" src=\"https:\/\/cc-bc.com\/wp-content\/uploads\/2021\/11\/SavingFromForclouser.jpg\" alt=\"\" class=\"wp-image-906\"\/><\/figure>\n<\/div><\/div>\n\n\n\n<div vt-id=\"97177b4d-4b3a-44c9-a3b2-c43c01ca53ca\" class=\"col-12 col-sm-12 col-xs-12 col-xl-8 col-lg-8 col-md-8 ab-block-layout-column\"><div class=\"ab-block-layout-column-inner\">\n<p>Consumer Credit and Budget Counseling, Inc. es una agencia de consejer\u00eda de vivienda sin fines de lucro, aprobada por el HUD, que ofrece servicios a los propietarios de viviendas que tienen dificultades para pagar sus hipotecas y que posiblemente se enfrentan a una ejecuci\u00f3n hipotecaria.<\/p>\n\n\n\n<p>Mientras revisamos las opciones disponibles para usted, eliminaremos cualquier opci\u00f3n que no funcione, o que usted no quiera seguir.<\/p>\n\n\n\n<p><strong>Opciones de retenci\u00f3n:<\/strong><\/p>\n\n\n\n<ul class=\"wp-block-list\"><li>Aplicar para el <strong>Programa de Asistencia Hipotecaria de Rescate de Emergencia de NJ -Fondo de Asistencia al Propietario de Vivienda (HAF, por sus siglas en ingl\u00e9s)<\/strong>.<\/li><li>Solicitar una modificaci\u00f3n interna con o sin nuestra ayuda.<\/li><li>Solicitar una modificaci\u00f3n FHA HAMP con o sin nuestra asistencia.<\/li><li>Ponerse en contacto con su compa\u00f1\u00eda hipotecaria sobre una reclamaci\u00f3n parcial de la FHA o una reclamaci\u00f3n de anticipo del seguro hipotecario privado (PMI, por sus siglas en ingl\u00e9s).<\/li><li>Aplicar para el Programa de Mediaci\u00f3n de Ejecuci\u00f3n Hipotecaria de NJ con nuestra asistencia si usted tiene un n\u00famero de expediente.<\/li><li>P\u00f3ngase en contacto con su compa\u00f1\u00eda hipotecaria sobre el plan de reembolso.<\/li><li>P\u00f3ngase en contacto con un agente hipotecario sobre una refinanciaci\u00f3n.<\/li><\/ul>\n\n\n\n<p><strong>Opciones de no retenci\u00f3n:<\/strong><\/p>\n\n\n\n<ul class=\"wp-block-list\"><li>P\u00f3ngase en contacto con un agente de bienes ra\u00edces para ayudarle con una venta corta y pedir \u00ab<em>dinero por llaves\u00bb.<\/em><\/li><li>P\u00f3ngase en contacto con su compa\u00f1\u00eda hipotecaria sobre una Escritura en lugar de ejecuci\u00f3n hipotecaria y pida \u00ab<em>dinero por llaves<\/em>\u00ab.<\/li><\/ul>\n\n\n\n<p><strong>Otras opciones:<\/strong><\/p>\n\n\n\n<ul class=\"wp-block-list\"><li>P\u00f3ngase en contacto con un abogado especializado en bancarrotas para determinar si la bancarrota es una opci\u00f3n para usted.<\/li><li>Considere un programa de manejo de deudas para su deuda de tarjeta de cr\u00e9dito.<\/li><li>P\u00f3ngase en contacto con nosotros cuando haya encontrado un empleo a tiempo completo y tenga al menos 30 d\u00edas de recibos de sueldo.<\/li><\/ul>\n\n\n\n<p>P\u00f3ngase en contacto con la oficina local de servicios sociales para solicitar prestaciones p\u00fablicas como cupones de alimentos y asistencia energ\u00e9tica. Adem\u00e1s, para la asistencia energ\u00e9tica llame directamente a su compa\u00f1\u00eda de servicios p\u00fablicos. Llame al 211 para conocer los servicios comunitarios locales. Las personas mayores pueden visitar <a href=\"http:\/\/www.benefitscheckup.org\">www.benefitscheckup.org<\/a>.<\/p>\n<\/div><\/div>\n<\/div><\/div>\n<\/div><\/div><\/div>\n\n\n\n<div vt-id=\"6e135396-b032-41b0-a7f7-fdacf9956895\" style=\"background-color:#f6f6f6\" class=\"wp-block-vt-container ab-block-container\"><div class=\"ab-container-inside text-center\"><div class=\"ab-container-content container\"><div class=\"flex flex-col\">\n         <H2 class='ml-3 mb-14 | VT-Heading'>SOLICITUD<\/H2><\/div>\n\n\n<p>Consumer Credit and Budget Counseling es la principal agencia estatal de consejer\u00eda en materia de vivienda de NJ.&nbsp; Nuestros consejeros certificados por el HUD le guiar\u00e1n a trav\u00e9s de la solicitud de subvenci\u00f3n ERMA y trabajar\u00e1n con su administrador de la hipoteca para conseguir todas las opciones disponibles para preservar su propiedad de la vivienda sin costo alguno.<\/p>\n\n\n\n<p><\/p>\n\n\n\n<div vt-id=\"7eda866c-c188-4b92-9e62-4babd664c877\" class=\"wp-block-vt-ab-columns ab-layout-columns-3 md_4_4_4\"><div class=\"ab-layout-column-wrap row\">\n<div vt-id=\"a8723a8b-f6ab-47e7-a197-3628c1d174b8\" class=\"col-xl-4 col-lg-4 col-sm-12 col-xs-12 col-12 col-md-6 ab-block-layout-column\"><div class=\"ab-block-layout-column-inner\">\n<div vt-id=\"199b57fc-dc26-49a5-a310-826e9dea032a\" style=\"background-color:#ffffff\" class=\"wp-block-vt-container border ab-block-container\"><div class=\"ab-container-inside\"><div class=\"ab-container-content container\">\n<p>Solicitud en l\u00ednea aqu\u00ed<\/p>\n\n\n\n<div style=\"text-align:center\" class=\"wp-block-vt-cta\"><a href=\"https:\/\/nfdm.typeform.com\/to\/RRwQfPMA\" class=\"btn btn-primary\" rel=\"noopener noreferrer\">APLICAR EN L\u00cdNEA <\/a><\/div>\n<\/div><\/div><\/div>\n<\/div><\/div>\n\n\n\n<div vt-id=\"4538eadc-e45c-471c-ad5e-119914f07123\" class=\"col-12 col-xl-4 col-lg-4 col-md-6 col-sm-12 col-xs-12 ab-block-layout-column\"><div class=\"ab-block-layout-column-inner\">\n<div vt-id=\"199b57fc-dc26-49a5-a310-826e9dea032a\" style=\"background-color:#ffffff\" class=\"wp-block-vt-container border ab-block-container\"><div class=\"ab-container-inside\"><div class=\"ab-container-content container\">\n<p>Descargue la solicitud rellenable (pdf)<\/p>\n\n\n\n<div style=\"text-align:center\" class=\"wp-block-vt-cta\"><a href=\"https:\/\/www.nfdm.org\/wp-content\/uploads\/2022\/01\/Homeownership-Preservation-Packet-Fillable-01112022.pdf\" class=\"btn btn-primary\" rel=\"noopener noreferrer\">DESCARGAR <\/a><\/div>\n<\/div><\/div><\/div>\n<\/div><\/div>\n\n\n\n<div vt-id=\"452b80c4-6179-4d21-918b-a137b12920a1\" class=\"col-12 col-xl-4 col-lg-4 col-md-6 col-sm-12 col-xs-12 ab-block-layout-column\"><div class=\"ab-block-layout-column-inner\">\n<div vt-id=\"199b57fc-dc26-49a5-a310-826e9dea032a\" style=\"background-color:#ffffff\" class=\"wp-block-vt-container border ab-block-container\"><div class=\"ab-container-inside\"><div class=\"ab-container-content container\">\n<p>Enviar por correo la solicitud<a rel=\"noreferrer noopener\" href=\"https:\/\/img1.wsimg.com\/blobby\/go\/7f429793-3629-4e69-a97e-9e1cbd98fa0d\/downloads\/tenantsrights.pdf?ver=1627490527545\" target=\"_blank\"><\/a><\/p>\n\n\n\n<div style=\"text-align:center\" class=\"wp-block-vt-cta\"><a href=\"mailto:icruz@nfdm.org\" class=\"btn btn-primary\" rel=\"noopener noreferrer\"><meta charset=\"utf-8\">SOLICITUD POR CORREO <\/a><\/div>\n<\/div><\/div><\/div>\n<\/div><\/div>\n<\/div><\/div>\n<\/div><\/div><\/div>\n","protected":false},"excerpt":{"rendered":"","protected":false},"author":2,"featured_media":0,"parent":0,"menu_order":0,"comment_status":"closed","ping_status":"closed","template":"","meta":{"_acf_changed":false,"vt_media_queries":"[vt-id=\"ec5b709d-8bd9-47d5-b015-70327310bd66\"] {padding-top: 50px;}[vt-id=\"aff66508-c81b-4f28-a574-0a8512177a5c\"] {padding-top: 50px;\npadding-bottom: 50px;}[vt-id=\"6e135396-b032-41b0-a7f7-fdacf9956895\"] {padding-top: 50px;\npadding-bottom: 50px;}[vt-id=\"199b57fc-dc26-49a5-a310-826e9dea032a\"] {padding-top: 50px;\npadding-bottom: 50px;}[vt-id=\"452b80c4-6179-4d21-918b-a137b12920a1\"] {margin-left: auto;\nmargin-right: auto;}","footnotes":""},"class_list":["post-901","page","type-page","status-publish","hentry"],"acf":[],"featured_image_src":"","featured_image_src_square":"","yoast_head":"<!-- This site is optimized with the Yoast SEO plugin v25.8 - https:\/\/yoast.com\/wordpress\/plugins\/seo\/ -->\n<title>Asistencia Para Propietarios De Viviendas en NJ - Consumer Credit and Budget Counseling, Inc.<\/title>\n<meta name=\"description\" content=\"The ERMA program will focus primarily on bringing families negatively impacted by the COVID-19 pandemic current on their delinquent payments that may risk loss of homeownership.\" \/>\n<meta name=\"robots\" content=\"index, follow, max-snippet:-1, max-image-preview:large, max-video-preview:-1\" \/>\n<link rel=\"canonical\" href=\"https:\/\/cc-bc.com\/es\/programas-asistencia-financiera-propietarios-vivienda-erma-nj\/\" \/>\n<meta property=\"og:locale\" content=\"es_ES\" \/>\n<meta property=\"og:type\" content=\"article\" \/>\n<meta property=\"og:title\" content=\"Asistencia Para Propietarios De Viviendas en NJ - Consumer Credit and Budget Counseling, Inc.\" \/>\n<meta property=\"og:description\" content=\"The ERMA program will focus primarily on bringing families negatively impacted by the COVID-19 pandemic current on their delinquent payments that may risk loss of homeownership.\" \/>\n<meta property=\"og:url\" content=\"https:\/\/cc-bc.com\/es\/programas-asistencia-financiera-propietarios-vivienda-erma-nj\/\" \/>\n<meta property=\"og:site_name\" content=\"Consumer Credit and Budget Counseling, Inc.\" \/>\n<meta property=\"og:image\" content=\"https:\/\/cc-bc.com\/wp-content\/uploads\/2021\/11\/HousingProfesionalHelp.jpg\" \/>\n<meta name=\"twitter:card\" content=\"summary_large_image\" \/>\n<meta name=\"twitter:label1\" content=\"Tiempo de lectura\" \/>\n\t<meta name=\"twitter:data1\" content=\"3 minutos\" \/>\n<script type=\"application\/ld+json\" class=\"yoast-schema-graph\">{\"@context\":\"https:\/\/schema.org\",\"@graph\":[{\"@type\":\"WebPage\",\"@id\":\"https:\/\/cc-bc.com\/es\/programas-asistencia-financiera-propietarios-vivienda-erma-nj\/\",\"url\":\"https:\/\/cc-bc.com\/es\/programas-asistencia-financiera-propietarios-vivienda-erma-nj\/\",\"name\":\"Asistencia Para Propietarios De Viviendas en NJ - Consumer Credit and Budget Counseling, Inc.\",\"isPartOf\":{\"@id\":\"https:\/\/cc-bc.com\/es\/#website\"},\"primaryImageOfPage\":{\"@id\":\"https:\/\/cc-bc.com\/es\/programas-asistencia-financiera-propietarios-vivienda-erma-nj\/#primaryimage\"},\"image\":{\"@id\":\"https:\/\/cc-bc.com\/es\/programas-asistencia-financiera-propietarios-vivienda-erma-nj\/#primaryimage\"},\"thumbnailUrl\":\"https:\/\/cc-bc.com\/wp-content\/uploads\/2021\/11\/HousingProfesionalHelp.jpg\",\"datePublished\":\"2021-11-24T19:41:55+00:00\",\"description\":\"The ERMA program will focus primarily on bringing families negatively impacted by the COVID-19 pandemic current on their delinquent payments that may risk loss of homeownership.\",\"breadcrumb\":{\"@id\":\"https:\/\/cc-bc.com\/es\/programas-asistencia-financiera-propietarios-vivienda-erma-nj\/#breadcrumb\"},\"inLanguage\":\"es\",\"potentialAction\":[{\"@type\":\"ReadAction\",\"target\":[\"https:\/\/cc-bc.com\/es\/programas-asistencia-financiera-propietarios-vivienda-erma-nj\/\"]}]},{\"@type\":\"ImageObject\",\"inLanguage\":\"es\",\"@id\":\"https:\/\/cc-bc.com\/es\/programas-asistencia-financiera-propietarios-vivienda-erma-nj\/#primaryimage\",\"url\":\"https:\/\/cc-bc.com\/wp-content\/uploads\/2021\/11\/HousingProfesionalHelp.jpg\",\"contentUrl\":\"https:\/\/cc-bc.com\/wp-content\/uploads\/2021\/11\/HousingProfesionalHelp.jpg\"},{\"@type\":\"BreadcrumbList\",\"@id\":\"https:\/\/cc-bc.com\/es\/programas-asistencia-financiera-propietarios-vivienda-erma-nj\/#breadcrumb\",\"itemListElement\":[{\"@type\":\"ListItem\",\"position\":1,\"name\":\"Home\",\"item\":\"https:\/\/cc-bc.com\/es\/\"},{\"@type\":\"ListItem\",\"position\":2,\"name\":\"Asistencia Para Propietarios De Viviendas en NJ\"}]},{\"@type\":\"WebSite\",\"@id\":\"https:\/\/cc-bc.com\/es\/#website\",\"url\":\"https:\/\/cc-bc.com\/es\/\",\"name\":\"Consumer Credit and Budget Counseling, Inc.\",\"description\":\"Just another Consumer Credit and Budget Counseling, Inc. Sites site\",\"potentialAction\":[{\"@type\":\"SearchAction\",\"target\":{\"@type\":\"EntryPoint\",\"urlTemplate\":\"https:\/\/cc-bc.com\/es\/?s={search_term_string}\"},\"query-input\":{\"@type\":\"PropertyValueSpecification\",\"valueRequired\":true,\"valueName\":\"search_term_string\"}}],\"inLanguage\":\"es\"}]}<\/script>\n<!-- \/ Yoast SEO plugin. -->","yoast_head_json":{"title":"Asistencia Para Propietarios De Viviendas en NJ - Consumer Credit and Budget Counseling, Inc.","description":"The ERMA program will focus primarily on bringing families negatively impacted by the COVID-19 pandemic current on their delinquent payments that may risk loss of homeownership.","robots":{"index":"index","follow":"follow","max-snippet":"max-snippet:-1","max-image-preview":"max-image-preview:large","max-video-preview":"max-video-preview:-1"},"canonical":"https:\/\/cc-bc.com\/es\/programas-asistencia-financiera-propietarios-vivienda-erma-nj\/","og_locale":"es_ES","og_type":"article","og_title":"Asistencia Para Propietarios De Viviendas en NJ - Consumer Credit and Budget Counseling, Inc.","og_description":"The ERMA program will focus primarily on bringing families negatively impacted by the COVID-19 pandemic current on their delinquent payments that may risk loss of homeownership.","og_url":"https:\/\/cc-bc.com\/es\/programas-asistencia-financiera-propietarios-vivienda-erma-nj\/","og_site_name":"Consumer Credit and Budget Counseling, Inc.","og_image":[{"url":"https:\/\/cc-bc.com\/wp-content\/uploads\/2021\/11\/HousingProfesionalHelp.jpg","type":"","width":"","height":""}],"twitter_card":"summary_large_image","twitter_misc":{"Tiempo de lectura":"3 minutos"},"schema":{"@context":"https:\/\/schema.org","@graph":[{"@type":"WebPage","@id":"https:\/\/cc-bc.com\/es\/programas-asistencia-financiera-propietarios-vivienda-erma-nj\/","url":"https:\/\/cc-bc.com\/es\/programas-asistencia-financiera-propietarios-vivienda-erma-nj\/","name":"Asistencia Para Propietarios De Viviendas en NJ - Consumer Credit and Budget Counseling, Inc.","isPartOf":{"@id":"https:\/\/cc-bc.com\/es\/#website"},"primaryImageOfPage":{"@id":"https:\/\/cc-bc.com\/es\/programas-asistencia-financiera-propietarios-vivienda-erma-nj\/#primaryimage"},"image":{"@id":"https:\/\/cc-bc.com\/es\/programas-asistencia-financiera-propietarios-vivienda-erma-nj\/#primaryimage"},"thumbnailUrl":"https:\/\/cc-bc.com\/wp-content\/uploads\/2021\/11\/HousingProfesionalHelp.jpg","datePublished":"2021-11-24T19:41:55+00:00","description":"The ERMA program will focus primarily on bringing families negatively impacted by the COVID-19 pandemic current on their delinquent payments that may risk loss of homeownership.","breadcrumb":{"@id":"https:\/\/cc-bc.com\/es\/programas-asistencia-financiera-propietarios-vivienda-erma-nj\/#breadcrumb"},"inLanguage":"es","potentialAction":[{"@type":"ReadAction","target":["https:\/\/cc-bc.com\/es\/programas-asistencia-financiera-propietarios-vivienda-erma-nj\/"]}]},{"@type":"ImageObject","inLanguage":"es","@id":"https:\/\/cc-bc.com\/es\/programas-asistencia-financiera-propietarios-vivienda-erma-nj\/#primaryimage","url":"https:\/\/cc-bc.com\/wp-content\/uploads\/2021\/11\/HousingProfesionalHelp.jpg","contentUrl":"https:\/\/cc-bc.com\/wp-content\/uploads\/2021\/11\/HousingProfesionalHelp.jpg"},{"@type":"BreadcrumbList","@id":"https:\/\/cc-bc.com\/es\/programas-asistencia-financiera-propietarios-vivienda-erma-nj\/#breadcrumb","itemListElement":[{"@type":"ListItem","position":1,"name":"Home","item":"https:\/\/cc-bc.com\/es\/"},{"@type":"ListItem","position":2,"name":"Asistencia Para Propietarios De Viviendas en NJ"}]},{"@type":"WebSite","@id":"https:\/\/cc-bc.com\/es\/#website","url":"https:\/\/cc-bc.com\/es\/","name":"Consumer Credit and Budget Counseling, Inc.","description":"Just another Consumer Credit and Budget Counseling, Inc. Sites site","potentialAction":[{"@type":"SearchAction","target":{"@type":"EntryPoint","urlTemplate":"https:\/\/cc-bc.com\/es\/?s={search_term_string}"},"query-input":{"@type":"PropertyValueSpecification","valueRequired":true,"valueName":"search_term_string"}}],"inLanguage":"es"}]}},"_links":{"self":[{"href":"https:\/\/cc-bc.com\/es\/wp-json\/wp\/v2\/pages\/901","targetHints":{"allow":["GET"]}}],"collection":[{"href":"https:\/\/cc-bc.com\/es\/wp-json\/wp\/v2\/pages"}],"about":[{"href":"https:\/\/cc-bc.com\/es\/wp-json\/wp\/v2\/types\/page"}],"author":[{"embeddable":true,"href":"https:\/\/cc-bc.com\/es\/wp-json\/wp\/v2\/users\/2"}],"replies":[{"embeddable":true,"href":"https:\/\/cc-bc.com\/es\/wp-json\/wp\/v2\/comments?post=901"}],"version-history":[{"count":0,"href":"https:\/\/cc-bc.com\/es\/wp-json\/wp\/v2\/pages\/901\/revisions"}],"wp:attachment":[{"href":"https:\/\/cc-bc.com\/es\/wp-json\/wp\/v2\/media?parent=901"}],"curies":[{"name":"wp","href":"https:\/\/api.w.org\/{rel}","templated":true}]}}