{"id":768,"date":"2021-08-02T19:02:02","date_gmt":"2021-08-02T19:02:02","guid":{"rendered":"https:\/\/cc-bc.com\/?page_id=768"},"modified":"2025-09-11T16:36:35","modified_gmt":"2025-09-11T20:36:35","slug":"contactenos","status":"publish","type":"page","link":"https:\/\/cc-bc.com\/es\/contactenos\/","title":{"rendered":"Cont\u00e1ctenos"},"content":{"rendered":"\n<div vt-id=\"403d96c0-673e-4a29-aa4d-13c25bdb150e\" id=\"nfdm-contact-form\" class=\"wp-block-vt-container col-lg-6 ab-block-container\" role=\"tabpanel\"><div class=\"ab-container-inside container text-center\"><div class=\"ab-container-content\">\n<p><\/p>\n\n\n\n<h3 class=\"wp-block-heading\" id=\"contact-us\">Cont\u00e1ctenos<\/h3>\n\n\n\n<div class=\"wp-block-contact-form-7-contact-form-selector\">\n<div class=\"wpcf7 no-js\" id=\"wpcf7-f1073-o1\" lang=\"en-US\" dir=\"ltr\" data-wpcf7-id=\"1073\">\n<div class=\"screen-reader-response\"><p role=\"status\" aria-live=\"polite\" aria-atomic=\"true\"><\/p> <ul><\/ul><\/div>\n<form action=\"\/es\/wp-json\/wp\/v2\/pages\/768#wpcf7-f1073-o1\" method=\"post\" class=\"wpcf7-form init\" aria-label=\"Contact form\" novalidate=\"novalidate\" data-status=\"init\">\n<fieldset class=\"hidden-fields-container\"><input type=\"hidden\" name=\"_wpcf7\" value=\"1073\" \/><input type=\"hidden\" name=\"_wpcf7_version\" value=\"6.1.1\" \/><input type=\"hidden\" name=\"_wpcf7_locale\" value=\"en_US\" \/><input type=\"hidden\" name=\"_wpcf7_unit_tag\" value=\"wpcf7-f1073-o1\" \/><input type=\"hidden\" name=\"_wpcf7_container_post\" value=\"0\" \/><input type=\"hidden\" name=\"_wpcf7_posted_data_hash\" value=\"\" \/>\n<\/fieldset>\n<p><label> Nombre<br \/>\n<span class=\"wpcf7-form-control-wrap\" data-name=\"your-name\"><input size=\"40\" maxlength=\"400\" class=\"wpcf7-form-control wpcf7-text wpcf7-validates-as-required\" id=\"tcpa_first_name\" aria-required=\"true\" aria-invalid=\"false\" value=\"\" type=\"text\" name=\"your-name\" \/><\/span> <\/label>\n<\/p>\n<p><label> Correo electr\u00f3nico<br \/>\n<span class=\"wpcf7-form-control-wrap\" data-name=\"your-email\"><input size=\"40\" maxlength=\"400\" class=\"wpcf7-form-control wpcf7-email wpcf7-validates-as-required wpcf7-text wpcf7-validates-as-email\" aria-required=\"true\" aria-invalid=\"false\" value=\"\" type=\"email\" name=\"your-email\" \/><\/span> <\/label>\n<\/p>\n<p><label> Asunto<br \/>\n<span class=\"wpcf7-form-control-wrap\" data-name=\"your-subject\"><input size=\"40\" maxlength=\"400\" class=\"wpcf7-form-control wpcf7-text wpcf7-validates-as-required\" aria-required=\"true\" aria-invalid=\"false\" value=\"\" type=\"text\" name=\"your-subject\" \/><\/span> <\/label>\n<\/p>\n<p><label> \u00bfQu\u00e9 servicios podemos ofrecer para ayudarle a tener \u00e9xito?<br \/>\n<span class=\"wpcf7-form-control-wrap\" data-name=\"your-message\"><textarea cols=\"40\" rows=\"10\" maxlength=\"2000\" class=\"wpcf7-form-control wpcf7-textarea\" aria-invalid=\"false\" name=\"your-message\"><\/textarea><\/span> <\/label>\n<\/p>\n<p>Al hacer clic en \"Aceptar y Enviar\" a continuaci\u00f3n, yo, <span id=\"nameTCPA\"><\/span>, que proporcion\u00e9 la informaci\u00f3n personal m\u00e1s arriba, estoy colocando mi firma electr\u00f3nica, regida por la <button id=\"tcpaBtn\" type=\"button\" aria-label=\"Open E-SIGN act and disclosure in a modal\">Ley de Firma Electr\u00f3nica y Divulgaci\u00f3n<\/button>, y acepto dar a <strong>National Foundation for Debt Management (NFDM), una organizaci\u00f3n sin fines de lucro de New Jersey<\/strong> mi consentimiento expreso por escrito previo y firmado para autorizar a <strong>NFDM<\/strong> y a los representantes directos que llaman en su nombre para comunicarse conmigo a trav\u00e9s de llamadas telef\u00f3nicas o mensajes de dispositivos m\u00f3viles (incluidas llamadas y mensajes de marketing a trav\u00e9s de marcaci\u00f3n autom\u00e1tica, mensajes de texto y pregrabados, voz generativa de IA, SMS y MMS), incluso si su n\u00famero de tel\u00e9fono figura actualmente en cualquier lista interna, corporativa, estatal o federal de No llamar. Pueden aplicarse tarifas de mensajes y datos, y puede optar por no recibir mensajes de texto en cualquier momento enviando la palabra STOP. Adem\u00e1s, al proporcionar mi direcci\u00f3n de correo electr\u00f3nico m\u00e1s arriba, doy a NFDM mi autorizaci\u00f3n y consentimiento expreso por escrito para recibir comunicaciones electr\u00f3nicas, incluidos correos electr\u00f3nicos peri\u00f3dicos con noticias importantes, consejos financieros, herramientas y m\u00e1s de <strong>NFDM<\/strong>. Entiendo que siempre puedo retirar mi consentimiento o cancelar la suscripci\u00f3n en cualquier momento. <strong>Reconozco que no se requiere mi consentimiento para obtener bienes o servicios de NFDM y que puedo optar por llamar al representante de NFDM 1-800-352-8984.<\/strong>\n<\/p>\n<p><input class=\"wpcf7-form-control wpcf7-submit has-spinner btn btn-primary\" type=\"submit\" value=\"Aceptar y Enviar\" \/>\n<\/p><div class=\"wpcf7-response-output\" aria-hidden=\"true\"><\/div>\n<\/form>\n<\/div>\n<\/div>\n\n\n\n<p>Este sitio est\u00e1 protegido por reCAPTCHA y se aplica la <a href=\"https:\/\/policies.google.com\/privacy\" data-type=\"URL\" data-id=\"https:\/\/policies.google.com\/privacy\">Pol\u00edtica de Privacidad<\/a> y las <a href=\"https:\/\/policies.google.com\/terms\" data-type=\"URL\" data-id=\"https:\/\/policies.google.com\/terms\">Condiciones de Servicio<\/a> de Google.<\/p>\n\n\n\n<p><\/p>\n\n\n\n<p vt-id=\"a51ce03c-630f-4d3a-a1f6-fe8a64c51eb3\">Amamos a nuestros clientes, as\u00ed que si\u00e9ntase libre de visitarnos durante las horas normales de trabajo.<\/p>\n\n\n\n<h4 class=\"wp-block-heading\" id=\"consumer-credit-and-budget-counseling-inc\">Consumer Credit and Budget Counseling, Inc.<\/h4>\n\n\n\n<p>299 Route US 9 S, Marmora, NJ 08223<\/p>\n\n\n\n<p>Tel\u00e9fono:<a href=\"tel:8887388233\">(888) 738-8233<\/a> Fax: <a href=\"tel:8887388234\">(888) 738-8234<\/a> Email: <a href=\"mailto:help@cc-bc.com\">help@cc-bc.com<\/a><\/p>\n\n\n\n<p><\/p>\n\n\n\n<h4 class=\"wp-block-heading\" id=\"hours\" vt-id=\"7dcf9a58-74f1-4899-8476-ef71a29ceee8\">Horarios<\/h4>\n\n\n\n<p>Lunes 09:00 am &#8211; 05:00 pm<\/p>\n\n\n\n<p>Martes  09:00 am &#8211; 05:00 pm<\/p>\n\n\n\n<p>Mi\u00e9rcoles  09:00 am &#8211; 05:00 pm <\/p>\n\n\n\n<p>Jueves  09:00 am &#8211; 05:00 pm <\/p>\n\n\n\n<p>Viernes  09:00 am &#8211; 05:00 pm<\/p>\n\n\n\n<p>S\u00e1bado: Cerrado<\/p>\n\n\n\n<p>Domingo: Cerrado<\/p>\n\n\n\n<p>Todos los horarios son del Este<\/p>\n<\/div><\/div><\/div>\n\n\n\n<div vt-id=\"63b18890-7220-49ec-bcfb-b25977d979f9\" style=\"background-color:#f6f6f6\" class=\"wp-block-vt-container ab-block-container\"><div class=\"ab-container-inside\"><div class=\"ab-container-content container\">\n<div vt-id=\"59058989-107d-4282-b465-6b4f57f732a8\" class=\"wp-block-vt-ab-columns ab-layout-columns-2 md_6_6\"><div class=\"ab-layout-column-wrap row\">\n<div vt-id=\"30ff1941-68a6-4e43-8c23-22150bfc07a5\" class=\"col-12 col-xl-6 col-lg-6 col-sm-12 col-xs-12 col-md-6 ab-block-layout-column\"><div class=\"ab-block-layout-column-inner\"><div class=\"flex flex-col\">\n         <H2 class='ml-3 mb-14 | VT-Heading'>LLAME O VISITE<\/H2><\/div>\n\n\n<h4 class=\"wp-block-heading\" id=\"consumer-credit-and-budget-counseling-inc\">Consumer Credit and Budget Counseling, Inc.<\/h4>\n\n\n\n<p>299 Route US 9 S, Marmora, NJ 08223<\/p>\n\n\n\n<p>Tel\u00e9fono: <a href=\"tel:8887388233\">(888) 738-8233<\/a> <\/p>\n\n\n\n<p>Fax: <a href=\"tel:8887388234\">(888) 738-8234<\/a> <\/p>\n\n\n\n<p>Correo electr\u00f3nico: <a href=\"mailto:help@cc-bc.com\">help@cc-bc.com<\/a><\/p>\n\n\n\n<p><\/p>\n\n\n\n<h4 class=\"wp-block-heading\" id=\"hours\" vt-id=\"a71be99d-e7b0-4343-a3dd-16da7c469df1\">Horarios<\/h4>\n\n\n\n<p>Lunes &#8211; Viernes: 09:00 am &#8211; 05:00 pm<\/p>\n\n\n\n<p>S\u00e1bado: Cerrado<\/p>\n\n\n\n<p>Domingo: Cerrado<\/p>\n\n\n\n<p><\/p>\n\n\n\n<h4 class=\"wp-block-heading\" id=\"find-support-services\" vt-id=\"2037a255-5dc8-48a1-bb3d-a23a368eff9d\">Buscar servicios de apoyo<\/h4>\n\n\n\n<div vt-id=\"58598e14-e42e-47b8-8720-aba53ccd4888\" class=\"wp-block-vt-container ab-block-container\"><div class=\"ab-container-inside\"><div class=\"ab-container-content\">\n<p><\/p>\n<\/div><\/div><\/div>\n\n\n\n<div vt-id=\"d7e12a99-7a7e-4a57-8887-570239ba448c\" id=\"nfdm-contact-form\" class=\"wp-block-vt-container ab-block-container\" role=\"tabpanel\"><div class=\"ab-container-inside\"><div class=\"ab-container-content\">\n<div class=\"wp-block-contact-form-7-contact-form-selector\">\n<div class=\"wpcf7 no-js\" id=\"wpcf7-f1073-o2\" lang=\"en-US\" dir=\"ltr\" data-wpcf7-id=\"1073\">\n<div class=\"screen-reader-response\"><p role=\"status\" aria-live=\"polite\" aria-atomic=\"true\"><\/p> <ul><\/ul><\/div>\n<form action=\"\/es\/wp-json\/wp\/v2\/pages\/768#wpcf7-f1073-o2\" method=\"post\" class=\"wpcf7-form init\" aria-label=\"Contact form\" novalidate=\"novalidate\" data-status=\"init\">\n<fieldset class=\"hidden-fields-container\"><input type=\"hidden\" name=\"_wpcf7\" value=\"1073\" \/><input type=\"hidden\" name=\"_wpcf7_version\" value=\"6.1.1\" \/><input type=\"hidden\" name=\"_wpcf7_locale\" value=\"en_US\" \/><input type=\"hidden\" name=\"_wpcf7_unit_tag\" value=\"wpcf7-f1073-o2\" \/><input type=\"hidden\" name=\"_wpcf7_container_post\" value=\"0\" \/><input type=\"hidden\" name=\"_wpcf7_posted_data_hash\" value=\"\" \/>\n<\/fieldset>\n<p><label> Nombre<br \/>\n<span class=\"wpcf7-form-control-wrap\" data-name=\"your-name\"><input size=\"40\" maxlength=\"400\" class=\"wpcf7-form-control wpcf7-text wpcf7-validates-as-required\" aria-required=\"true\" aria-invalid=\"false\" value=\"\" type=\"text\" name=\"your-name\" \/><\/span> <\/label>\n<\/p>\n<p><label> Correo electr\u00f3nico<br \/>\n<span class=\"wpcf7-form-control-wrap\" data-name=\"your-email\"><input size=\"40\" maxlength=\"400\" class=\"wpcf7-form-control wpcf7-email wpcf7-validates-as-required wpcf7-text wpcf7-validates-as-email\" aria-required=\"true\" aria-invalid=\"false\" value=\"\" type=\"email\" name=\"your-email\" \/><\/span> <\/label>\n<\/p>\n<p><label> Asunto<br \/>\n<span class=\"wpcf7-form-control-wrap\" data-name=\"your-subject\"><input size=\"40\" maxlength=\"400\" class=\"wpcf7-form-control wpcf7-text wpcf7-validates-as-required\" aria-required=\"true\" aria-invalid=\"false\" value=\"\" type=\"text\" name=\"your-subject\" \/><\/span> <\/label>\n<\/p>\n<p><label> \u00bfQu\u00e9 servicios podemos ofrecer para ayudarle a tener \u00e9xito?<br \/>\n<span class=\"wpcf7-form-control-wrap\" data-name=\"your-message\"><textarea cols=\"40\" rows=\"10\" maxlength=\"2000\" class=\"wpcf7-form-control wpcf7-textarea\" aria-invalid=\"false\" name=\"your-message\"><\/textarea><\/span> <\/label>\n<\/p>\n<p>Al hacer clic en \"Aceptar y Enviar\" a continuaci\u00f3n, yo, <span id=\"nameTCPA\"><\/span>, que proporcion\u00e9 la informaci\u00f3n personal m\u00e1s arriba, estoy colocando mi firma electr\u00f3nica, regida por la <button id=\"tcpaBtn\" type=\"button\" aria-label=\"Open E-SIGN act and disclosure in a modal\">Ley de Firma Electr\u00f3nica y Divulgaci\u00f3n<\/button>, y acepto dar a <strong>National Foundation for Debt Management (NFDM), una organizaci\u00f3n sin fines de lucro de New Jersey<\/strong> mi consentimiento expreso por escrito previo y firmado para autorizar a <strong>NFDM<\/strong> y a los representantes directos que llaman en su nombre para comunicarse conmigo a trav\u00e9s de llamadas telef\u00f3nicas o mensajes de dispositivos m\u00f3viles (incluidas llamadas y mensajes de marketing a trav\u00e9s de marcaci\u00f3n autom\u00e1tica, mensajes de texto y pregrabados, voz generativa de IA, SMS y MMS), incluso si su n\u00famero de tel\u00e9fono figura actualmente en cualquier lista interna, corporativa, estatal o federal de No llamar. Pueden aplicarse tarifas de mensajes y datos, y puede optar por no recibir mensajes de texto en cualquier momento enviando la palabra STOP. Adem\u00e1s, al proporcionar mi direcci\u00f3n de correo electr\u00f3nico m\u00e1s arriba, doy a NFDM mi autorizaci\u00f3n y consentimiento expreso por escrito para recibir comunicaciones electr\u00f3nicas, incluidos correos electr\u00f3nicos peri\u00f3dicos con noticias importantes, consejos financieros, herramientas y m\u00e1s de <strong>NFDM<\/strong>. Entiendo que siempre puedo retirar mi consentimiento o cancelar la suscripci\u00f3n en cualquier momento. <strong>Reconozco que no se requiere mi consentimiento para obtener bienes o servicios de NFDM y que puedo optar por llamar al representante de NFDM 1-800-352-8984.<\/strong>\n<\/p>\n<p><input class=\"wpcf7-form-control wpcf7-submit has-spinner btn btn-primary\" type=\"submit\" value=\"Aceptar y Enviar\" \/>\n<\/p><div class=\"wpcf7-response-output\" aria-hidden=\"true\"><\/div>\n<\/form>\n<\/div>\n<\/div>\n<\/div><\/div><\/div>\n\n\n\n<div vt-id=\"ac01bf02-d1ce-464c-9511-99a0f8bee06f\" class=\"wp-block-vt-container ab-block-container\"><div class=\"ab-container-inside\"><div class=\"ab-container-content\">\n<p><\/p>\n<\/div><\/div><\/div>\n\n\n\n<div vt-id=\"b947d4bf-4d2c-4887-a91c-fb55a89de81c\" class=\"wp-block-vt-container ab-block-container\"><div class=\"ab-container-inside\"><div class=\"ab-container-content\">\n<p><\/p>\n<\/div><\/div><\/div>\n\n\n\n<p>Este sitio est\u00e1 protegido por reCAPTCHA y se aplican la <a href=\"https:\/\/policies.google.com\/privacy\">Pol\u00edtica de Privacidad<\/a> y las <a href=\"https:\/\/policies.google.com\/terms\">Condiciones de Servicio<\/a> de Google.<\/p>\n<\/div><\/div>\n\n\n\n<div vt-id=\"19439413-50f8-45fc-964e-5c48b50b58b2\" class=\"col-12 col-xl-6 col-lg-6 col-xs-12 col-sm-12 col-md-6 ab-block-layout-column\"><div class=\"ab-block-layout-column-inner\">\n<iframe src=\"https:\/\/www.google.com\/maps\/embed?pb=!1m18!1m12!1m3!1d3673.1127123361316!2d-74.64359496530953!3d39.2722070362299!2m3!1f0!2f0!3f0!3m2!1i1024!2i768!4f13.1!3m3!1m2!1s0x89c0bf77b9c4a5eb%3A0xd0bcfbd62171066c!2s299%20Rte%20Us%209%20N%2C%20Marmora%2C%20NJ%2008223!5e0!3m2!1sen!2sus!4v1629144671896!5m2!1sen!2sus\" width=\"100%\" height=\"500\" style=\"border:0;\" allowfullscreen=\"\" loading=\"lazy\"><\/iframe>\n<\/div><\/div>\n<\/div><\/div>\n<\/div><\/div><\/div>\n","protected":false},"excerpt":{"rendered":"","protected":false},"author":2,"featured_media":0,"parent":0,"menu_order":0,"comment_status":"closed","ping_status":"closed","template":"","meta":{"_acf_changed":false,"vt_media_queries":"[vt-id=\"403d96c0-673e-4a29-aa4d-13c25bdb150e\"] {margin-left: auto;\nmargin-right: auto;\npadding-top: 50px;\npadding-bottom: 50px;}[vt-id=\"a51ce03c-630f-4d3a-a1f6-fe8a64c51eb3\"] {padding-top: 50px;}[vt-id=\"7dcf9a58-74f1-4899-8476-ef71a29ceee8\"] {padding-top: 30px;}[vt-id=\"63b18890-7220-49ec-bcfb-b25977d979f9\"] {padding-top: 50px;\npadding-bottom: 50px;}[vt-id=\"a71be99d-e7b0-4343-a3dd-16da7c469df1\"] {padding-top: 30px;}[vt-id=\"2037a255-5dc8-48a1-bb3d-a23a368eff9d\"] {padding-top: 30px;}","footnotes":""},"class_list":["post-768","page","type-page","status-publish","hentry"],"acf":[],"featured_image_src":"","featured_image_src_square":"","yoast_head":"<!-- This site is optimized with the Yoast SEO plugin v25.8 - https:\/\/yoast.com\/wordpress\/plugins\/seo\/ -->\n<title>Cont\u00e1ctenos - Consumer Credit and Budget Counseling, Inc.<\/title>\n<meta name=\"robots\" content=\"index, follow, max-snippet:-1, max-image-preview:large, max-video-preview:-1\" \/>\n<link rel=\"canonical\" href=\"https:\/\/cc-bc.com\/es\/contactenos\/\" \/>\n<meta property=\"og:locale\" content=\"es_ES\" \/>\n<meta property=\"og:type\" content=\"article\" \/>\n<meta property=\"og:title\" content=\"Cont\u00e1ctenos - Consumer Credit and Budget Counseling, Inc.\" \/>\n<meta property=\"og:url\" content=\"https:\/\/cc-bc.com\/es\/contactenos\/\" \/>\n<meta property=\"og:site_name\" content=\"Consumer Credit and Budget Counseling, Inc.\" \/>\n<meta property=\"article:modified_time\" content=\"2025-09-11T20:36:35+00:00\" \/>\n<meta name=\"twitter:card\" content=\"summary_large_image\" \/>\n<meta name=\"twitter:label1\" content=\"Tiempo de lectura\" \/>\n\t<meta name=\"twitter:data1\" content=\"1 minuto\" \/>\n<script type=\"application\/ld+json\" class=\"yoast-schema-graph\">{\"@context\":\"https:\/\/schema.org\",\"@graph\":[{\"@type\":\"WebPage\",\"@id\":\"https:\/\/cc-bc.com\/es\/contactenos\/\",\"url\":\"https:\/\/cc-bc.com\/es\/contactenos\/\",\"name\":\"Cont\u00e1ctenos - Consumer Credit and Budget Counseling, Inc.\",\"isPartOf\":{\"@id\":\"https:\/\/cc-bc.com\/es\/#website\"},\"datePublished\":\"2021-08-02T19:02:02+00:00\",\"dateModified\":\"2025-09-11T20:36:35+00:00\",\"breadcrumb\":{\"@id\":\"https:\/\/cc-bc.com\/es\/contactenos\/#breadcrumb\"},\"inLanguage\":\"es\",\"potentialAction\":[{\"@type\":\"ReadAction\",\"target\":[\"https:\/\/cc-bc.com\/es\/contactenos\/\"]}]},{\"@type\":\"BreadcrumbList\",\"@id\":\"https:\/\/cc-bc.com\/es\/contactenos\/#breadcrumb\",\"itemListElement\":[{\"@type\":\"ListItem\",\"position\":1,\"name\":\"Home\",\"item\":\"https:\/\/cc-bc.com\/es\/\"},{\"@type\":\"ListItem\",\"position\":2,\"name\":\"Cont\u00e1ctenos\"}]},{\"@type\":\"WebSite\",\"@id\":\"https:\/\/cc-bc.com\/es\/#website\",\"url\":\"https:\/\/cc-bc.com\/es\/\",\"name\":\"Consumer Credit and Budget Counseling, Inc.\",\"description\":\"Just another Consumer Credit and Budget Counseling, Inc. Sites site\",\"potentialAction\":[{\"@type\":\"SearchAction\",\"target\":{\"@type\":\"EntryPoint\",\"urlTemplate\":\"https:\/\/cc-bc.com\/es\/?s={search_term_string}\"},\"query-input\":{\"@type\":\"PropertyValueSpecification\",\"valueRequired\":true,\"valueName\":\"search_term_string\"}}],\"inLanguage\":\"es\"}]}<\/script>\n<!-- \/ Yoast SEO plugin. -->","yoast_head_json":{"title":"Cont\u00e1ctenos - Consumer Credit and Budget Counseling, Inc.","robots":{"index":"index","follow":"follow","max-snippet":"max-snippet:-1","max-image-preview":"max-image-preview:large","max-video-preview":"max-video-preview:-1"},"canonical":"https:\/\/cc-bc.com\/es\/contactenos\/","og_locale":"es_ES","og_type":"article","og_title":"Cont\u00e1ctenos - Consumer Credit and Budget Counseling, Inc.","og_url":"https:\/\/cc-bc.com\/es\/contactenos\/","og_site_name":"Consumer Credit and Budget Counseling, Inc.","article_modified_time":"2025-09-11T20:36:35+00:00","twitter_card":"summary_large_image","twitter_misc":{"Tiempo de lectura":"1 minuto"},"schema":{"@context":"https:\/\/schema.org","@graph":[{"@type":"WebPage","@id":"https:\/\/cc-bc.com\/es\/contactenos\/","url":"https:\/\/cc-bc.com\/es\/contactenos\/","name":"Cont\u00e1ctenos - Consumer Credit and Budget Counseling, Inc.","isPartOf":{"@id":"https:\/\/cc-bc.com\/es\/#website"},"datePublished":"2021-08-02T19:02:02+00:00","dateModified":"2025-09-11T20:36:35+00:00","breadcrumb":{"@id":"https:\/\/cc-bc.com\/es\/contactenos\/#breadcrumb"},"inLanguage":"es","potentialAction":[{"@type":"ReadAction","target":["https:\/\/cc-bc.com\/es\/contactenos\/"]}]},{"@type":"BreadcrumbList","@id":"https:\/\/cc-bc.com\/es\/contactenos\/#breadcrumb","itemListElement":[{"@type":"ListItem","position":1,"name":"Home","item":"https:\/\/cc-bc.com\/es\/"},{"@type":"ListItem","position":2,"name":"Cont\u00e1ctenos"}]},{"@type":"WebSite","@id":"https:\/\/cc-bc.com\/es\/#website","url":"https:\/\/cc-bc.com\/es\/","name":"Consumer Credit and Budget Counseling, Inc.","description":"Just another Consumer Credit and Budget Counseling, Inc. Sites site","potentialAction":[{"@type":"SearchAction","target":{"@type":"EntryPoint","urlTemplate":"https:\/\/cc-bc.com\/es\/?s={search_term_string}"},"query-input":{"@type":"PropertyValueSpecification","valueRequired":true,"valueName":"search_term_string"}}],"inLanguage":"es"}]}},"_links":{"self":[{"href":"https:\/\/cc-bc.com\/es\/wp-json\/wp\/v2\/pages\/768","targetHints":{"allow":["GET"]}}],"collection":[{"href":"https:\/\/cc-bc.com\/es\/wp-json\/wp\/v2\/pages"}],"about":[{"href":"https:\/\/cc-bc.com\/es\/wp-json\/wp\/v2\/types\/page"}],"author":[{"embeddable":true,"href":"https:\/\/cc-bc.com\/es\/wp-json\/wp\/v2\/users\/2"}],"replies":[{"embeddable":true,"href":"https:\/\/cc-bc.com\/es\/wp-json\/wp\/v2\/comments?post=768"}],"version-history":[{"count":2,"href":"https:\/\/cc-bc.com\/es\/wp-json\/wp\/v2\/pages\/768\/revisions"}],"predecessor-version":[{"id":1330,"href":"https:\/\/cc-bc.com\/es\/wp-json\/wp\/v2\/pages\/768\/revisions\/1330"}],"wp:attachment":[{"href":"https:\/\/cc-bc.com\/es\/wp-json\/wp\/v2\/media?parent=768"}],"curies":[{"name":"wp","href":"https:\/\/api.w.org\/{rel}","templated":true}]}}