{"id":691,"date":"2021-08-02T18:14:08","date_gmt":"2021-08-02T18:14:08","guid":{"rendered":"https:\/\/cc-bc.com\/?page_id=691"},"modified":"2025-09-11T16:36:03","modified_gmt":"2025-09-11T20:36:03","slug":"sobre-nosotros","status":"publish","type":"page","link":"https:\/\/cc-bc.com\/es\/sobre-nosotros\/","title":{"rendered":"Sobre nosotros"},"content":{"rendered":"\n<div vt-id=\"24ab9f72-7535-4f66-af38-1fd04cb40e42\" class=\"wp-block-vt-container ab-block-container\"><div class=\"ab-container-inside container\"><div class=\"ab-container-content\">\n<div vt-id=\"2d28ad0e-486c-4d1b-a990-517ad4f1707e\" class=\"wp-block-vt-ab-columns container ab-layout-columns-2 md_6_6\"><div class=\"ab-layout-column-wrap row\">\n<div vt-id=\"e3a82a23-629c-471b-81c2-7a91f1b1e5bb\" class=\"col-12 col-sm-11 col-xs-12 col-md-12 col-xl-7 col-lg-7 ab-block-layout-column\"><div class=\"ab-block-layout-column-inner\">\n<div vt-id=\"0a9cb0f2-21a3-43e7-8a13-50f40cf09fc2\" class=\"wp-block-vt-container ab-block-container\"><div class=\"ab-container-inside text-center\"><div class=\"ab-container-content\"><div class=\"flex flex-col\">\n         <H2 class='ml-3 mb-14 | VT-Heading'>NUESTRO EQUIPO DIRECTIVO<\/H2><\/div><\/div><\/div><\/div>\n\n\n\n<h4 class=\"wp-block-heading\">Judy Sorensen, Presidenta y Directora General<\/h4>\n\n\n\n<p>&nbsp;&nbsp;Judy Sorensen es la presidenta de National Foundation for Debt Management, Inc. Adem\u00e1s de sus 10 a\u00f1os de experiencia en el campo de la educaci\u00f3n y la consejer\u00eda financiera, tambi\u00e9n tiene experiencia en la industria hipotecaria residencial, habiendo ocupado varios puestos en la producci\u00f3n de pr\u00e9stamos al por menor y en las divisiones legales\/regulatorias. Graduada en 1991 por la Facultad de Derecho Thomas Cooley, Sorensen es miembro del Colegio de Abogados del Estado de Virginia. Adem\u00e1s, est\u00e1 habilitada para ejercer ante el Tribunal de Apelaciones de DC y el Tribunal Supremo de Virginia. Tiene una amplia experiencia como oradora y es tambi\u00e9n la presidenta de la Asociaci\u00f3n de Profesionales de consejer\u00eda de Cr\u00e9dito.<\/p>\n\n\n\n<h4 class=\"wp-block-heading\">Russell Graves, Director Ejecutivo y Tesorero<\/h4>\n\n\n\n<p>Russell Graves es el Director Ejecutivo de Consumer Credit and Budget Counseling d\/b\/a National Foundation for Debt Management, una agencia de consejer\u00eda de cr\u00e9dito sin \u00e1nimo de lucro y con licencia en varios estados que fund\u00f3 con su familia en 1998. Adem\u00e1s de un M\u00e1ster en Finanzas, el Sr. Graves ha obtenido las designaciones profesionales de Consejero Financiero Acreditado, Educador Certificado en Finanzas Personales, Consejero Certificado en Vivienda, Revisor Certificado de Reportes de Cr\u00e9dito y Especialista en Prevenci\u00f3n de Robo de Identidad.<\/p>\n<\/div><\/div>\n\n\n\n<div vt-id=\"ec5b709d-8bd9-47d5-b015-70327310bd66\" class=\"col-12 col-sm-12 col-xs-12 col-md-12 col-xl-5 col-lg-5 ab-block-layout-column\"><div class=\"ab-block-layout-column-inner\">\n<figure class=\"wp-block-image size-full\"><img decoding=\"async\" src=\"https:\/\/cc-bc.com\/wp-content\/uploads\/2021\/08\/image-7.jpeg\" alt=\"\" class=\"wp-image-708\"\/><\/figure>\n<\/div><\/div>\n<\/div><\/div>\n<\/div><\/div><\/div>\n\n\n\n<div vt-id=\"23f38d2f-882a-424b-982f-b30db1d557a6\" style=\"background-color:#f6f6f6\" class=\"wp-block-vt-container ab-block-container\"><div class=\"ab-container-inside text-center\"><div class=\"ab-container-content container\"><div class=\"flex flex-col\">\n         <H2 class='ml-3 mb-14 | VT-Heading'>LLAME O VISITE<\/H2><\/div>\n\n\n<h4 class=\"wp-block-heading\">P\u00f3ngase en contacto con nosotros o haga una pregunta<\/h4>\n\n\n\n<div vt-id=\"628f81f3-a6e8-477e-a988-b9449dc3e1d5\" id=\"nfdm-contact-form\" class=\"wp-block-vt-container col-lg-6 ab-block-container\" role=\"tabpanel\"><div class=\"ab-container-inside\"><div class=\"ab-container-content\">\n<div class=\"wp-block-contact-form-7-contact-form-selector\">\n<div class=\"wpcf7 no-js\" id=\"wpcf7-f1073-o1\" lang=\"en-US\" dir=\"ltr\" data-wpcf7-id=\"1073\">\n<div class=\"screen-reader-response\"><p role=\"status\" aria-live=\"polite\" aria-atomic=\"true\"><\/p> <ul><\/ul><\/div>\n<form action=\"\/es\/wp-json\/wp\/v2\/pages\/691#wpcf7-f1073-o1\" method=\"post\" class=\"wpcf7-form init\" aria-label=\"Contact form\" novalidate=\"novalidate\" data-status=\"init\">\n<fieldset class=\"hidden-fields-container\"><input type=\"hidden\" name=\"_wpcf7\" value=\"1073\" \/><input type=\"hidden\" name=\"_wpcf7_version\" value=\"6.1.1\" \/><input type=\"hidden\" name=\"_wpcf7_locale\" value=\"en_US\" \/><input type=\"hidden\" name=\"_wpcf7_unit_tag\" value=\"wpcf7-f1073-o1\" \/><input type=\"hidden\" name=\"_wpcf7_container_post\" value=\"0\" \/><input type=\"hidden\" name=\"_wpcf7_posted_data_hash\" value=\"\" \/>\n<\/fieldset>\n<p><label> Nombre<br \/>\n<span class=\"wpcf7-form-control-wrap\" data-name=\"your-name\"><input size=\"40\" maxlength=\"400\" class=\"wpcf7-form-control wpcf7-text wpcf7-validates-as-required\" id=\"tcpa_first_name\" aria-required=\"true\" aria-invalid=\"false\" value=\"\" type=\"text\" name=\"your-name\" \/><\/span> <\/label>\n<\/p>\n<p><label> Correo electr\u00f3nico<br \/>\n<span class=\"wpcf7-form-control-wrap\" data-name=\"your-email\"><input size=\"40\" maxlength=\"400\" class=\"wpcf7-form-control wpcf7-email wpcf7-validates-as-required wpcf7-text wpcf7-validates-as-email\" aria-required=\"true\" aria-invalid=\"false\" value=\"\" type=\"email\" name=\"your-email\" \/><\/span> <\/label>\n<\/p>\n<p><label> Asunto<br \/>\n<span class=\"wpcf7-form-control-wrap\" data-name=\"your-subject\"><input size=\"40\" maxlength=\"400\" class=\"wpcf7-form-control wpcf7-text wpcf7-validates-as-required\" aria-required=\"true\" aria-invalid=\"false\" value=\"\" type=\"text\" name=\"your-subject\" \/><\/span> <\/label>\n<\/p>\n<p><label> \u00bfQu\u00e9 servicios podemos ofrecer para ayudarle a tener \u00e9xito?<br \/>\n<span class=\"wpcf7-form-control-wrap\" data-name=\"your-message\"><textarea cols=\"40\" rows=\"10\" maxlength=\"2000\" class=\"wpcf7-form-control wpcf7-textarea\" aria-invalid=\"false\" name=\"your-message\"><\/textarea><\/span> <\/label>\n<\/p>\n<p>Al hacer clic en \"Aceptar y Enviar\" a continuaci\u00f3n, yo, <span id=\"nameTCPA\"><\/span>, que proporcion\u00e9 la informaci\u00f3n personal m\u00e1s arriba, estoy colocando mi firma electr\u00f3nica, regida por la <button id=\"tcpaBtn\" type=\"button\" aria-label=\"Open E-SIGN act and disclosure in a modal\">Ley de Firma Electr\u00f3nica y Divulgaci\u00f3n<\/button>, y acepto dar a <strong>National Foundation for Debt Management (NFDM), una organizaci\u00f3n sin fines de lucro de New Jersey<\/strong> mi consentimiento expreso por escrito previo y firmado para autorizar a <strong>NFDM<\/strong> y a los representantes directos que llaman en su nombre para comunicarse conmigo a trav\u00e9s de llamadas telef\u00f3nicas o mensajes de dispositivos m\u00f3viles (incluidas llamadas y mensajes de marketing a trav\u00e9s de marcaci\u00f3n autom\u00e1tica, mensajes de texto y pregrabados, voz generativa de IA, SMS y MMS), incluso si su n\u00famero de tel\u00e9fono figura actualmente en cualquier lista interna, corporativa, estatal o federal de No llamar. Pueden aplicarse tarifas de mensajes y datos, y puede optar por no recibir mensajes de texto en cualquier momento enviando la palabra STOP. Adem\u00e1s, al proporcionar mi direcci\u00f3n de correo electr\u00f3nico m\u00e1s arriba, doy a NFDM mi autorizaci\u00f3n y consentimiento expreso por escrito para recibir comunicaciones electr\u00f3nicas, incluidos correos electr\u00f3nicos peri\u00f3dicos con noticias importantes, consejos financieros, herramientas y m\u00e1s de <strong>NFDM<\/strong>. Entiendo que siempre puedo retirar mi consentimiento o cancelar la suscripci\u00f3n en cualquier momento. <strong>Reconozco que no se requiere mi consentimiento para obtener bienes o servicios de NFDM y que puedo optar por llamar al representante de NFDM 1-800-352-8984.<\/strong>\n<\/p>\n<p><input class=\"wpcf7-form-control wpcf7-submit has-spinner btn btn-primary\" type=\"submit\" value=\"Aceptar y Enviar\" \/>\n<\/p><div class=\"wpcf7-response-output\" aria-hidden=\"true\"><\/div>\n<\/form>\n<\/div>\n<\/div>\n\n\n\n<p>Este sitio est\u00e1 protegido por reCAPTCHA y se aplica la <a href=\"https:\/\/policies.google.com\/privacy\" data-type=\"URL\" data-id=\"https:\/\/policies.google.com\/privacy\">Pol\u00edtica de Privacidad<\/a> y las <a href=\"https:\/\/policies.google.com\/terms\" data-type=\"URL\" data-id=\"https:\/\/policies.google.com\/terms\">Condiciones de Servicio<\/a> de Google.<\/p>\n\n\n\n<p><\/p>\n\n\n\n<h4 class=\"wp-block-heading\" vt-id=\"40ecb9e7-e9f1-4701-8397-c4230d9b032c\">Consumer Credit and Budget Counseling, Inc.<\/h4>\n\n\n\n<p>299 Route US 9 S, Marmora, NJ 08223<\/p>\n\n\n\n<p><a href=\"tel:8887388233\">888-738-8233<\/a><\/p>\n\n\n\n<p><\/p>\n\n\n\n<h4 class=\"wp-block-heading\" vt-id=\"7dcf9a58-74f1-4899-8476-ef71a29ceee8\">Horarios<\/h4>\n\n\n\n<p>Lunes 09:00 am &#8211; 05:00 pm<\/p>\n\n\n\n<p>Martes  09:00 am &#8211; 05:00 pm <\/p>\n\n\n\n<p>Mi\u00e9rcoles  09:00 am &#8211; 05:00 pm <\/p>\n\n\n\n<p>Jueves  09:00 am &#8211; 05:00 pm <\/p>\n\n\n\n<p>Viernes  09:00 am &#8211; 05:00 pm <\/p>\n\n\n\n<p>S\u00e1bado: Cerrado<\/p>\n\n\n\n<p>Domingo: Cerrado<\/p>\n\n\n\n<p>Todos los horarios son del Este<\/p>\n<\/div><\/div><\/div>\n<\/div><\/div><\/div>\n","protected":false},"excerpt":{"rendered":"","protected":false},"author":2,"featured_media":0,"parent":0,"menu_order":0,"comment_status":"closed","ping_status":"closed","template":"","meta":{"_acf_changed":false,"vt_media_queries":"[vt-id=\"24ab9f72-7535-4f66-af38-1fd04cb40e42\"] {padding-bottom: 50px;\npadding-top: 50px;}[vt-id=\"23f38d2f-882a-424b-982f-b30db1d557a6\"] {padding-top: 50px;\npadding-bottom: 50px;}[vt-id=\"628f81f3-a6e8-477e-a988-b9449dc3e1d5\"] {margin-left: auto;\nmargin-right: auto;}[vt-id=\"40ecb9e7-e9f1-4701-8397-c4230d9b032c\"] {padding-top: 50px;}[vt-id=\"7dcf9a58-74f1-4899-8476-ef71a29ceee8\"] {padding-top: 30px;}","footnotes":""},"class_list":["post-691","page","type-page","status-publish","hentry"],"acf":[],"featured_image_src":"","featured_image_src_square":"","yoast_head":"<!-- This site is optimized with the Yoast SEO plugin v25.8 - https:\/\/yoast.com\/wordpress\/plugins\/seo\/ -->\n<title>Sobre nosotros - Consumer Credit and Budget Counseling, Inc.<\/title>\n<meta name=\"robots\" content=\"index, follow, max-snippet:-1, max-image-preview:large, max-video-preview:-1\" \/>\n<link rel=\"canonical\" href=\"https:\/\/cc-bc.com\/es\/sobre-nosotros\/\" \/>\n<meta property=\"og:locale\" content=\"es_ES\" \/>\n<meta property=\"og:type\" content=\"article\" \/>\n<meta property=\"og:title\" content=\"Sobre nosotros - Consumer Credit and Budget Counseling, Inc.\" \/>\n<meta property=\"og:url\" content=\"https:\/\/cc-bc.com\/es\/sobre-nosotros\/\" \/>\n<meta property=\"og:site_name\" content=\"Consumer Credit and Budget Counseling, Inc.\" \/>\n<meta property=\"article:modified_time\" content=\"2025-09-11T20:36:03+00:00\" \/>\n<meta name=\"twitter:card\" content=\"summary_large_image\" \/>\n<meta name=\"twitter:label1\" content=\"Tiempo de lectura\" \/>\n\t<meta name=\"twitter:data1\" content=\"2 minutos\" \/>\n<script type=\"application\/ld+json\" class=\"yoast-schema-graph\">{\"@context\":\"https:\/\/schema.org\",\"@graph\":[{\"@type\":\"WebPage\",\"@id\":\"https:\/\/cc-bc.com\/es\/sobre-nosotros\/\",\"url\":\"https:\/\/cc-bc.com\/es\/sobre-nosotros\/\",\"name\":\"Sobre nosotros - Consumer Credit and Budget Counseling, Inc.\",\"isPartOf\":{\"@id\":\"https:\/\/cc-bc.com\/es\/#website\"},\"primaryImageOfPage\":{\"@id\":\"https:\/\/cc-bc.com\/es\/sobre-nosotros\/#primaryimage\"},\"image\":{\"@id\":\"https:\/\/cc-bc.com\/es\/sobre-nosotros\/#primaryimage\"},\"thumbnailUrl\":\"https:\/\/cc-bc.com\/wp-content\/uploads\/2021\/08\/image-7.jpeg\",\"datePublished\":\"2021-08-02T18:14:08+00:00\",\"dateModified\":\"2025-09-11T20:36:03+00:00\",\"breadcrumb\":{\"@id\":\"https:\/\/cc-bc.com\/es\/sobre-nosotros\/#breadcrumb\"},\"inLanguage\":\"es\",\"potentialAction\":[{\"@type\":\"ReadAction\",\"target\":[\"https:\/\/cc-bc.com\/es\/sobre-nosotros\/\"]}]},{\"@type\":\"ImageObject\",\"inLanguage\":\"es\",\"@id\":\"https:\/\/cc-bc.com\/es\/sobre-nosotros\/#primaryimage\",\"url\":\"https:\/\/cc-bc.com\/wp-content\/uploads\/2021\/08\/image-7.jpeg\",\"contentUrl\":\"https:\/\/cc-bc.com\/wp-content\/uploads\/2021\/08\/image-7.jpeg\"},{\"@type\":\"BreadcrumbList\",\"@id\":\"https:\/\/cc-bc.com\/es\/sobre-nosotros\/#breadcrumb\",\"itemListElement\":[{\"@type\":\"ListItem\",\"position\":1,\"name\":\"Home\",\"item\":\"https:\/\/cc-bc.com\/es\/\"},{\"@type\":\"ListItem\",\"position\":2,\"name\":\"Sobre nosotros\"}]},{\"@type\":\"WebSite\",\"@id\":\"https:\/\/cc-bc.com\/es\/#website\",\"url\":\"https:\/\/cc-bc.com\/es\/\",\"name\":\"Consumer Credit and Budget Counseling, Inc.\",\"description\":\"Just another Consumer Credit and Budget Counseling, Inc. Sites site\",\"potentialAction\":[{\"@type\":\"SearchAction\",\"target\":{\"@type\":\"EntryPoint\",\"urlTemplate\":\"https:\/\/cc-bc.com\/es\/?s={search_term_string}\"},\"query-input\":{\"@type\":\"PropertyValueSpecification\",\"valueRequired\":true,\"valueName\":\"search_term_string\"}}],\"inLanguage\":\"es\"}]}<\/script>\n<!-- \/ Yoast SEO plugin. -->","yoast_head_json":{"title":"Sobre nosotros - Consumer Credit and Budget Counseling, Inc.","robots":{"index":"index","follow":"follow","max-snippet":"max-snippet:-1","max-image-preview":"max-image-preview:large","max-video-preview":"max-video-preview:-1"},"canonical":"https:\/\/cc-bc.com\/es\/sobre-nosotros\/","og_locale":"es_ES","og_type":"article","og_title":"Sobre nosotros - Consumer Credit and Budget Counseling, Inc.","og_url":"https:\/\/cc-bc.com\/es\/sobre-nosotros\/","og_site_name":"Consumer Credit and Budget Counseling, Inc.","article_modified_time":"2025-09-11T20:36:03+00:00","twitter_card":"summary_large_image","twitter_misc":{"Tiempo de lectura":"2 minutos"},"schema":{"@context":"https:\/\/schema.org","@graph":[{"@type":"WebPage","@id":"https:\/\/cc-bc.com\/es\/sobre-nosotros\/","url":"https:\/\/cc-bc.com\/es\/sobre-nosotros\/","name":"Sobre nosotros - Consumer Credit and Budget Counseling, Inc.","isPartOf":{"@id":"https:\/\/cc-bc.com\/es\/#website"},"primaryImageOfPage":{"@id":"https:\/\/cc-bc.com\/es\/sobre-nosotros\/#primaryimage"},"image":{"@id":"https:\/\/cc-bc.com\/es\/sobre-nosotros\/#primaryimage"},"thumbnailUrl":"https:\/\/cc-bc.com\/wp-content\/uploads\/2021\/08\/image-7.jpeg","datePublished":"2021-08-02T18:14:08+00:00","dateModified":"2025-09-11T20:36:03+00:00","breadcrumb":{"@id":"https:\/\/cc-bc.com\/es\/sobre-nosotros\/#breadcrumb"},"inLanguage":"es","potentialAction":[{"@type":"ReadAction","target":["https:\/\/cc-bc.com\/es\/sobre-nosotros\/"]}]},{"@type":"ImageObject","inLanguage":"es","@id":"https:\/\/cc-bc.com\/es\/sobre-nosotros\/#primaryimage","url":"https:\/\/cc-bc.com\/wp-content\/uploads\/2021\/08\/image-7.jpeg","contentUrl":"https:\/\/cc-bc.com\/wp-content\/uploads\/2021\/08\/image-7.jpeg"},{"@type":"BreadcrumbList","@id":"https:\/\/cc-bc.com\/es\/sobre-nosotros\/#breadcrumb","itemListElement":[{"@type":"ListItem","position":1,"name":"Home","item":"https:\/\/cc-bc.com\/es\/"},{"@type":"ListItem","position":2,"name":"Sobre nosotros"}]},{"@type":"WebSite","@id":"https:\/\/cc-bc.com\/es\/#website","url":"https:\/\/cc-bc.com\/es\/","name":"Consumer Credit and Budget Counseling, Inc.","description":"Just another Consumer Credit and Budget Counseling, Inc. Sites site","potentialAction":[{"@type":"SearchAction","target":{"@type":"EntryPoint","urlTemplate":"https:\/\/cc-bc.com\/es\/?s={search_term_string}"},"query-input":{"@type":"PropertyValueSpecification","valueRequired":true,"valueName":"search_term_string"}}],"inLanguage":"es"}]}},"_links":{"self":[{"href":"https:\/\/cc-bc.com\/es\/wp-json\/wp\/v2\/pages\/691","targetHints":{"allow":["GET"]}}],"collection":[{"href":"https:\/\/cc-bc.com\/es\/wp-json\/wp\/v2\/pages"}],"about":[{"href":"https:\/\/cc-bc.com\/es\/wp-json\/wp\/v2\/types\/page"}],"author":[{"embeddable":true,"href":"https:\/\/cc-bc.com\/es\/wp-json\/wp\/v2\/users\/2"}],"replies":[{"embeddable":true,"href":"https:\/\/cc-bc.com\/es\/wp-json\/wp\/v2\/comments?post=691"}],"version-history":[{"count":3,"href":"https:\/\/cc-bc.com\/es\/wp-json\/wp\/v2\/pages\/691\/revisions"}],"predecessor-version":[{"id":1328,"href":"https:\/\/cc-bc.com\/es\/wp-json\/wp\/v2\/pages\/691\/revisions\/1328"}],"wp:attachment":[{"href":"https:\/\/cc-bc.com\/es\/wp-json\/wp\/v2\/media?parent=691"}],"curies":[{"name":"wp","href":"https:\/\/api.w.org\/{rel}","templated":true}]}}