{"id":650,"date":"2021-08-02T17:33:10","date_gmt":"2021-08-02T17:33:10","guid":{"rendered":"https:\/\/cc-bc.com\/?page_id=650"},"modified":"2021-08-02T17:33:10","modified_gmt":"2021-08-02T17:33:10","slug":"sus-derechos-de-privacidad","status":"publish","type":"page","link":"https:\/\/cc-bc.com\/es\/sus-derechos-de-privacidad\/","title":{"rendered":"Sus Derechos De Privacidad"},"content":{"rendered":"\n<div vt-id=\"4a2a475f-4c03-454d-8155-c56e6441f34e\" class=\"wp-block-vt-container col-lg-7 ab-block-container\"><div class=\"ab-container-inside container text-center\"><div class=\"ab-container-content\">\n<h1 class=\"wp-block-heading\">Pol\u00edtica de privacidad<\/h1>\n\n\n\n<p><\/p>\n\n\n\n<p>Respetamos su privacidad.&nbsp; Reconocemos la importancia de proteger la privacidad de la informaci\u00f3n de identificaci\u00f3n personal que puede ser presentada a nosotros para el an\u00e1lisis y la revisi\u00f3n.&nbsp; Es la pol\u00edtica de Consumer Credit and Budget Counseling asegurar que toda la informaci\u00f3n del cliente se mantendr\u00e1 en la m\u00e1s estricta confidencialidad.<\/p>\n\n\n\n<p>Es posible que se le pida informaci\u00f3n para completar el c\u00e1lculo, el an\u00e1lisis o la evaluaci\u00f3n solicitados.&nbsp; Cualquier y toda la informaci\u00f3n recopilada por nosotros, ya sea a trav\u00e9s de nuestro sitio web, a trav\u00e9s de correo, fax o correo electr\u00f3nico, tel\u00e9fono, como resultado de la orientaci\u00f3n cara a cara o de cualquier otra fuente, se mantendr\u00e1 estrictamente confidencial.&nbsp; Dicha informaci\u00f3n no ser\u00e1 vendida, reutilizada, alquilada, prestada o divulgada de ninguna otra manera.&nbsp; Dicha informaci\u00f3n s\u00f3lo se compartir\u00e1 con los acreedores del cliente inscrito en el Programa de Manejo de Deudas despu\u00e9s de que dicho cliente haya proporcionado una autorizaci\u00f3n firmada.&nbsp; Adem\u00e1s, dicha informaci\u00f3n se utilizar\u00e1 \u00fanicamente con el fin de negociar un programa de pago de la deuda, y para supervisar el progreso del cliente a lo largo del programa.<\/p>\n\n\n\n<p>La informaci\u00f3n personal recopilada se almacena en entornos operativos seguros que no son accesibles al p\u00fablico.&nbsp; Tal es el caso de los n\u00fameros de las tarjetas de cr\u00e9dito y de las cuentas bancarias, as\u00ed como de cualquier otra informaci\u00f3n identificativa.&nbsp; Nuestro sistema operativo se alquila a un proveedor de software; sin embargo, \u00e9ste no tiene acceso a la base de datos de los clientes.<\/p>\n\n\n\n<p>Cualquier informaci\u00f3n que usted nos proporcione ser\u00e1 tratada con el mayor cuidado, y no ser\u00e1 utilizada de manera que usted no haya consentido por escrito.&nbsp; Consumer Credit and Budget Counseling est\u00e1 comprometido con la seguridad de los datos.<\/p>\n<\/div><\/div><\/div>\n\n\n\n<div vt-id=\"ce1d47b4-91fd-4487-82ab-b01842d2a436\" style=\"background-color:#f6f6f6\" class=\"wp-block-vt-container ab-block-container\"><div class=\"ab-container-inside text-center\"><div class=\"ab-container-content container\"><div class=\"flex flex-col\">\n         <H2 class='ml-3 mb-14 | VT-Heading'>Derechos de privacidad<\/H2><\/div>\n\n\n<p>Respetamos su privacidad<\/p>\n\n\n\n<p><a href=\"http:\/\/cc-bc.com\/wp-content\/uploads\/2021\/08\/CCBC-Privacy-Rights.pdf\">Descargar PDF<\/a><a href=\"http:\/\/cc-bc.com\/wp-content\/uploads\/2021\/08\/CCBC-Privacy-Rights.pdf\"> \u2b9e<\/a><\/p>\n\n\n\n<p><\/p>\n\n\n\n<p><\/p>\n\n\n\n<div vt-id=\"09eb1980-ff26-4f46-b605-6727141b49bc\" class=\"wp-block-vt-container ab-block-container\"><div class=\"ab-container-inside container\"><div class=\"ab-container-content\">\n<figure class=\"wp-block-image size-large\"><img decoding=\"async\" src=\"https:\/\/cc-bc.com\/wp-content\/uploads\/2021\/08\/download-791x1024.png\" alt=\"1st page of privacy policy\" class=\"wp-image-670\"\/><\/figure>\n\n\n\n<figure class=\"wp-block-image size-large\"><img decoding=\"async\" src=\"https:\/\/cc-bc.com\/wp-content\/uploads\/2021\/08\/download-1-791x1024.png\" alt=\"2nd page of privacy policy\" class=\"wp-image-671\"\/><\/figure>\n<\/div><\/div><\/div>\n<\/div><\/div><\/div>\n\n\n\n<div vt-id=\"34e33fb3-41ab-4910-b07f-e3544d65c60d\" style=\"background-color:rgba(0, 0, 0, 0)\" class=\"wp-block-vt-container ab-block-container\"><div class=\"ab-container-inside text-center\"><div class=\"ab-container-content container\">\n<h4 class=\"wp-block-heading\">Para los miembros\/clientes de Vermont.<\/h4>\n\n\n\n<p>No divulgaremos informaci\u00f3n sobre su solvencia a nuestros afiliados y no divulgaremos su informaci\u00f3n personal, informaci\u00f3n financiera, reporte de cr\u00e9dito o informaci\u00f3n de salud a terceros no afiliados para comercializar con usted, salvo lo permitido por la ley de Vermont, a menos que usted nos autorice a hacer esas divulgaciones.<\/p>\n\n\n\n<p>&#8212; Puede encontrar informaci\u00f3n adicional sobre nuestras pol\u00edticas de privacidad en&nbsp;<a rel=\"noreferrer noopener\" href=\"http:\/\/www.nfdm.org\/\" target=\"_blank\">www.nfdm.org<\/a>&nbsp;o llamanado al 866-799-2122.<\/p>\n<\/div><\/div><\/div>\n","protected":false},"excerpt":{"rendered":"","protected":false},"author":2,"featured_media":0,"parent":0,"menu_order":0,"comment_status":"closed","ping_status":"closed","template":"","meta":{"_acf_changed":false,"vt_media_queries":"[vt-id=\"4a2a475f-4c03-454d-8155-c56e6441f34e\"] {margin-left: auto;\nmargin-right: auto;\npadding-top: 50px;\npadding-bottom: 50px;}[vt-id=\"ce1d47b4-91fd-4487-82ab-b01842d2a436\"] {padding-top: 50px;\npadding-bottom: 50px;}[vt-id=\"34e33fb3-41ab-4910-b07f-e3544d65c60d\"] {padding-top: 50px;\npadding-bottom: 50px;}","footnotes":""},"class_list":["post-650","page","type-page","status-publish","hentry"],"acf":[],"featured_image_src":"","featured_image_src_square":"","yoast_head":"<!-- This site is optimized with the Yoast SEO plugin v25.8 - https:\/\/yoast.com\/wordpress\/plugins\/seo\/ -->\n<title>Sus Derechos De Privacidad - Consumer Credit and Budget Counseling, Inc.<\/title>\n<meta name=\"robots\" content=\"index, follow, max-snippet:-1, max-image-preview:large, max-video-preview:-1\" \/>\n<link rel=\"canonical\" href=\"https:\/\/cc-bc.com\/es\/sus-derechos-de-privacidad\/\" \/>\n<meta property=\"og:locale\" content=\"es_ES\" \/>\n<meta property=\"og:type\" content=\"article\" \/>\n<meta property=\"og:title\" content=\"Sus Derechos De Privacidad - Consumer Credit and Budget Counseling, Inc.\" \/>\n<meta property=\"og:url\" content=\"https:\/\/cc-bc.com\/es\/sus-derechos-de-privacidad\/\" \/>\n<meta property=\"og:site_name\" content=\"Consumer Credit and Budget Counseling, Inc.\" \/>\n<meta property=\"og:image\" content=\"https:\/\/cc-bc.com\/wp-content\/uploads\/2021\/08\/download-791x1024.png\" \/>\n<meta name=\"twitter:card\" content=\"summary_large_image\" \/>\n<meta name=\"twitter:label1\" content=\"Tiempo de lectura\" \/>\n\t<meta name=\"twitter:data1\" content=\"2 minutos\" \/>\n<script type=\"application\/ld+json\" class=\"yoast-schema-graph\">{\"@context\":\"https:\/\/schema.org\",\"@graph\":[{\"@type\":\"WebPage\",\"@id\":\"https:\/\/cc-bc.com\/es\/sus-derechos-de-privacidad\/\",\"url\":\"https:\/\/cc-bc.com\/es\/sus-derechos-de-privacidad\/\",\"name\":\"Sus Derechos De Privacidad - Consumer Credit and Budget Counseling, Inc.\",\"isPartOf\":{\"@id\":\"https:\/\/cc-bc.com\/es\/#website\"},\"primaryImageOfPage\":{\"@id\":\"https:\/\/cc-bc.com\/es\/sus-derechos-de-privacidad\/#primaryimage\"},\"image\":{\"@id\":\"https:\/\/cc-bc.com\/es\/sus-derechos-de-privacidad\/#primaryimage\"},\"thumbnailUrl\":\"https:\/\/cc-bc.com\/wp-content\/uploads\/2021\/08\/download-791x1024.png\",\"datePublished\":\"2021-08-02T17:33:10+00:00\",\"breadcrumb\":{\"@id\":\"https:\/\/cc-bc.com\/es\/sus-derechos-de-privacidad\/#breadcrumb\"},\"inLanguage\":\"es\",\"potentialAction\":[{\"@type\":\"ReadAction\",\"target\":[\"https:\/\/cc-bc.com\/es\/sus-derechos-de-privacidad\/\"]}]},{\"@type\":\"ImageObject\",\"inLanguage\":\"es\",\"@id\":\"https:\/\/cc-bc.com\/es\/sus-derechos-de-privacidad\/#primaryimage\",\"url\":\"https:\/\/cc-bc.com\/wp-content\/uploads\/2021\/08\/download-791x1024.png\",\"contentUrl\":\"https:\/\/cc-bc.com\/wp-content\/uploads\/2021\/08\/download-791x1024.png\"},{\"@type\":\"BreadcrumbList\",\"@id\":\"https:\/\/cc-bc.com\/es\/sus-derechos-de-privacidad\/#breadcrumb\",\"itemListElement\":[{\"@type\":\"ListItem\",\"position\":1,\"name\":\"Home\",\"item\":\"https:\/\/cc-bc.com\/es\/\"},{\"@type\":\"ListItem\",\"position\":2,\"name\":\"Sus Derechos De Privacidad\"}]},{\"@type\":\"WebSite\",\"@id\":\"https:\/\/cc-bc.com\/es\/#website\",\"url\":\"https:\/\/cc-bc.com\/es\/\",\"name\":\"Consumer Credit and Budget Counseling, Inc.\",\"description\":\"Just another Consumer Credit and Budget Counseling, Inc. Sites site\",\"potentialAction\":[{\"@type\":\"SearchAction\",\"target\":{\"@type\":\"EntryPoint\",\"urlTemplate\":\"https:\/\/cc-bc.com\/es\/?s={search_term_string}\"},\"query-input\":{\"@type\":\"PropertyValueSpecification\",\"valueRequired\":true,\"valueName\":\"search_term_string\"}}],\"inLanguage\":\"es\"}]}<\/script>\n<!-- \/ Yoast SEO plugin. -->","yoast_head_json":{"title":"Sus Derechos De Privacidad - Consumer Credit and Budget Counseling, Inc.","robots":{"index":"index","follow":"follow","max-snippet":"max-snippet:-1","max-image-preview":"max-image-preview:large","max-video-preview":"max-video-preview:-1"},"canonical":"https:\/\/cc-bc.com\/es\/sus-derechos-de-privacidad\/","og_locale":"es_ES","og_type":"article","og_title":"Sus Derechos De Privacidad - Consumer Credit and Budget Counseling, Inc.","og_url":"https:\/\/cc-bc.com\/es\/sus-derechos-de-privacidad\/","og_site_name":"Consumer Credit and Budget Counseling, Inc.","og_image":[{"url":"https:\/\/cc-bc.com\/wp-content\/uploads\/2021\/08\/download-791x1024.png","type":"","width":"","height":""}],"twitter_card":"summary_large_image","twitter_misc":{"Tiempo de lectura":"2 minutos"},"schema":{"@context":"https:\/\/schema.org","@graph":[{"@type":"WebPage","@id":"https:\/\/cc-bc.com\/es\/sus-derechos-de-privacidad\/","url":"https:\/\/cc-bc.com\/es\/sus-derechos-de-privacidad\/","name":"Sus Derechos De Privacidad - Consumer Credit and Budget Counseling, Inc.","isPartOf":{"@id":"https:\/\/cc-bc.com\/es\/#website"},"primaryImageOfPage":{"@id":"https:\/\/cc-bc.com\/es\/sus-derechos-de-privacidad\/#primaryimage"},"image":{"@id":"https:\/\/cc-bc.com\/es\/sus-derechos-de-privacidad\/#primaryimage"},"thumbnailUrl":"https:\/\/cc-bc.com\/wp-content\/uploads\/2021\/08\/download-791x1024.png","datePublished":"2021-08-02T17:33:10+00:00","breadcrumb":{"@id":"https:\/\/cc-bc.com\/es\/sus-derechos-de-privacidad\/#breadcrumb"},"inLanguage":"es","potentialAction":[{"@type":"ReadAction","target":["https:\/\/cc-bc.com\/es\/sus-derechos-de-privacidad\/"]}]},{"@type":"ImageObject","inLanguage":"es","@id":"https:\/\/cc-bc.com\/es\/sus-derechos-de-privacidad\/#primaryimage","url":"https:\/\/cc-bc.com\/wp-content\/uploads\/2021\/08\/download-791x1024.png","contentUrl":"https:\/\/cc-bc.com\/wp-content\/uploads\/2021\/08\/download-791x1024.png"},{"@type":"BreadcrumbList","@id":"https:\/\/cc-bc.com\/es\/sus-derechos-de-privacidad\/#breadcrumb","itemListElement":[{"@type":"ListItem","position":1,"name":"Home","item":"https:\/\/cc-bc.com\/es\/"},{"@type":"ListItem","position":2,"name":"Sus Derechos De Privacidad"}]},{"@type":"WebSite","@id":"https:\/\/cc-bc.com\/es\/#website","url":"https:\/\/cc-bc.com\/es\/","name":"Consumer Credit and Budget Counseling, Inc.","description":"Just another Consumer Credit and Budget Counseling, Inc. Sites site","potentialAction":[{"@type":"SearchAction","target":{"@type":"EntryPoint","urlTemplate":"https:\/\/cc-bc.com\/es\/?s={search_term_string}"},"query-input":{"@type":"PropertyValueSpecification","valueRequired":true,"valueName":"search_term_string"}}],"inLanguage":"es"}]}},"_links":{"self":[{"href":"https:\/\/cc-bc.com\/es\/wp-json\/wp\/v2\/pages\/650","targetHints":{"allow":["GET"]}}],"collection":[{"href":"https:\/\/cc-bc.com\/es\/wp-json\/wp\/v2\/pages"}],"about":[{"href":"https:\/\/cc-bc.com\/es\/wp-json\/wp\/v2\/types\/page"}],"author":[{"embeddable":true,"href":"https:\/\/cc-bc.com\/es\/wp-json\/wp\/v2\/users\/2"}],"replies":[{"embeddable":true,"href":"https:\/\/cc-bc.com\/es\/wp-json\/wp\/v2\/comments?post=650"}],"version-history":[{"count":0,"href":"https:\/\/cc-bc.com\/es\/wp-json\/wp\/v2\/pages\/650\/revisions"}],"wp:attachment":[{"href":"https:\/\/cc-bc.com\/es\/wp-json\/wp\/v2\/media?parent=650"}],"curies":[{"name":"wp","href":"https:\/\/api.w.org\/{rel}","templated":true}]}}