{"id":638,"date":"2021-08-02T17:29:26","date_gmt":"2021-08-02T17:29:26","guid":{"rendered":"https:\/\/cc-bc.com\/?page_id=638"},"modified":"2025-09-11T16:37:22","modified_gmt":"2025-09-11T20:37:22","slug":"legal","status":"publish","type":"page","link":"https:\/\/cc-bc.com\/es\/legal\/","title":{"rendered":"Legal"},"content":{"rendered":"\n<div vt-id=\"12d95a2c-af8e-468f-95c1-5471b6650de0\" class=\"wp-block-vt-container ab-block-container\"><div class=\"ab-container-inside container\"><div class=\"ab-container-content\">\n<div vt-id=\"1b255973-0db1-4563-84b4-dd4302723577\" class=\"wp-block-vt-container ab-block-container\"><div class=\"ab-container-inside text-center\"><div class=\"ab-container-content\"><div class=\"flex flex-col\">\n         <H2 class='ml-3 mb-14 | VT-Heading'>LEGAL<\/H2><\/div>\n\n\n<p><\/p>\n<\/div><\/div><\/div>\n\n\n\n<div vt-id=\"aff66508-c81b-4f28-a574-0a8512177a5c\" style=\"background-color:rgba(245, 245, 245, 0)\" class=\"wp-block-vt-container ab-block-container\"><div class=\"ab-container-inside\"><div class=\"ab-container-content container\">\n<div vt-id=\"c8e05857-6df2-4ef1-95d1-6f157c2d9c1d\" class=\"wp-block-vt-ab-columns ab-layout-columns-2 md_8_4\"><div class=\"ab-layout-column-wrap row\">\n<div vt-id=\"135d2f46-55c8-412c-a2e6-ee865b1b9f98\" class=\"col-12 col-sm-12 col-xs-12 col-xl-4 col-lg-4 col-md-4 ab-block-layout-column\"><div class=\"ab-block-layout-column-inner\">\n<figure class=\"wp-block-image size-full\"><img decoding=\"async\" src=\"https:\/\/cc-bc.com\/wp-content\/uploads\/2021\/08\/image-6.jpeg\" alt=\"Legal information for Consumer Credit and Budget Counseling\" class=\"wp-image-640\"\/><\/figure>\n<\/div><\/div>\n\n\n\n<div vt-id=\"97177b4d-4b3a-44c9-a3b2-c43c01ca53ca\" class=\"col-12 col-sm-12 col-xs-12 col-xl-8 col-lg-8 col-md-8 ab-block-layout-column\"><div class=\"ab-block-layout-column-inner\">\n<h4 class=\"wp-block-heading\">Cont\u00e1ctenos<\/h4>\n\n\n\n<p>&nbsp;Puede ponerse en contacto con Consumer Credit and Budget Counseling, Inc. d\/b\/a National Foundation for Debt Management and Warrior Support Services en el 866-799-2122,&nbsp;<\/p>\n\n\n\n<h4 class=\"wp-block-heading\">Oficina de Nueva Jersey<\/h4>\n\n\n\n<p>Consumer Credit and Budget Counseling<br>299 Route US 9 S,<br>Marmora, NJ 08223.<br>Tel\u00e9fono: 888-738-8233, 609-390-9652\u00a0<\/p>\n\n\n\n<h4 class=\"wp-block-heading\">Oficina de Florida<\/h4>\n\n\n\n<p>National Foundation for Debt Management<br>13921 Icot Boulevard, Suite 706,\u00a0<br>Clearwater, FL 33760<br>Tel\u00e9fono: 800-344-5153 , 727-254-5353\u00a0<\/p>\n\n\n\n<h4 class=\"wp-block-heading\">INFORMACI\u00d3N IMPORTANTE QUE DEBE TENER EN CUENTA<\/h4>\n\n\n\n<ul class=\"wp-block-list\">\n<li>\u00a0Los planes de manejo de deudas no son adecuados para todas las personas, y puede pedirnos que le proporcionemos informaci\u00f3n sobre otras formas, incluida la bancarrota, de hacer frente a sus deudas.<\/li>\n\n\n\n<li>El uso de un plan de manejo de deudas puede perjudicar su calificaci\u00f3n crediticia o su puntaje de cr\u00e9dito.<\/li>\n\n\n\n<li>Podemos recibir una compensaci\u00f3n por nuestros servicios de sus acreedores.\u00a0<\/li>\n<\/ul>\n\n\n\n<h4 class=\"wp-block-heading\">Better Business Bureau<\/h4>\n\n\n\n<p>&nbsp;CCBC\/NFDM es miembro del Better Business Bureau de Nueva Jersey y del oeste de Florida y est\u00e1 autorizado\/registrado en la mayor\u00eda de los estados&nbsp;<a rel=\"noreferrer noopener\" href=\"https:\/\/www.bbb.org\/us\/nj\/marmora\/profile\/credit-and-debt-counseling\/consumer-credit-budget-counseling-inc-0221-80010526\" target=\"_blank\">COMPRU\u00c9BELO<\/a><\/p>\n\n\n\n<h4 class=\"wp-block-heading\">Para buscar el estatus de CCBC\/NFDM en cualquier estado, seleccione de la lista de abajo:<\/h4>\n\n\n\n<p>Consumer Credit and Budget Counseling tiene licencia a trav\u00e9s de NMLS bajo el identificador \u00fanico <strong># 983706<\/strong> y el estado puede ser verificado en&nbsp;<a rel=\"noreferrer noopener\" href=\"https:\/\/www.nmlsconsumeraccess.org\/\" target=\"_blank\">https:\/\/www.nmlsconsumeraccess.org\/<\/a>. Los estados con licencia a trav\u00e9s de NMLS incluyen: AL, CT, ID, IL, IN, IA, KS, MD, MN, MS, NY, OR, PA y VT. Cada estado puede asignar un n\u00famero de licencia adicional adem\u00e1s del identificador \u00fanico del NMLS.&nbsp;<\/p>\n\n\n\n<ul class=\"wp-block-list\">\n<li>\u00a0AK \u00a0<a href=\"https:\/\/www.commerce.alaska.gov\/cbp\/main\/search\/entities\" target=\"_blank\" rel=\"noreferrer noopener\">https:\/\/www.commerce.alaska.gov\/cbp\/main\/search\/entities<\/a>\u00a0<\/li>\n\n\n\n<li>\u00a0AL \u00a0<a href=\"http:\/\/sos.alabama.gov\/government-records\/business-entity-records\" target=\"_blank\" rel=\"noreferrer noopener\">http:\/\/sos.alabama.gov\/government-records\/business-entity-records<\/a>\u00a0<\/li>\n\n\n\n<li>\u00a0AR \u00a0<a href=\"http:\/\/www.sos.arkansas.gov\/corps\/search_all.php\" target=\"_blank\" rel=\"noreferrer noopener\">http:\/\/www.sos.arkansas.gov\/corps\/search_all.php<\/a>\u00a0<\/li>\n\n\n\n<li>\u00a0CA \u00a0<a href=\"https:\/\/businesssearch.sos.ca.gov\/\" target=\"_blank\" rel=\"noreferrer noopener\">https:\/\/businesssearch.sos.ca.gov\/<\/a>\u00a0<\/li>\n\n\n\n<li>\u00a0CO \u00a0<a href=\"https:\/\/coag.gov\/office-sections\/consumer-protection\/consumer-credit-unit\/debt-management\/\">https:\/\/coag.gov\/office-sections\/consumer-protection\/consumer-credit-unit\/debt-management\/<\/a>\u00a0<\/li>\n\n\n\n<li>\u00a0CT \u00a0<a href=\"https:\/\/portal.ct.gov\/DOB\/Consumer-Credit-Licenses\/Consumer-Credit-Licenses\/Debt-Adjusters-Licensed-in-Connecticut\">https:\/\/portal.ct.gov\/DOB\/Consumer-Credit-Licenses\/Consumer-Credit-Licenses\/Debt-Adjusters-Licensed-in-Connecticut<\/a>\u00a0<\/li>\n\n\n\n<li>\u00a0D.C. \u00a0<a href=\"https:\/\/dcra.dc.gov\/page\/professional-license-lookupsearch\">https:\/\/dcra.dc.gov\/page\/professional-license-lookupsearch<\/a>\u00a0<\/li>\n\n\n\n<li>\u00a0DE \u00a0<a href=\"https:\/\/icis.corp.delaware.gov\/Ecorp\/EntitySearch\/NameSearch.aspx\" target=\"_blank\" rel=\"noreferrer noopener\">https:\/\/icis.corp.delaware.gov\/Ecorp\/EntitySearch\/NameSearch.aspx<\/a>\u00a0<\/li>\n\n\n\n<li>\u00a0FL \u00a0<a href=\"http:\/\/dos.myflorida.com\/\" target=\"_blank\" rel=\"noreferrer noopener\">http:\/\/dos.myflorida.com\/\u00a0<\/a>SE PUEDE OBTENER UNA COPIA DEL REGISTRO OFICIAL Y LA INFORMACI\u00d3N FINANCIERA EN LA DIVISI\u00d3N DE SERVICIOS AL CONSUMIDOR LLAMANDO AL N\u00daMERO GRATUITO DENTRO DEL ESTADO. EL REGISTRO NO IMPLICA EL RESPALDO, LA APROBACI\u00d3N O LA RECOMENDACI\u00d3N POR PARTE DEL ESTADO\u00bb. Caridad #CH39141 N\u00famero gratuito de la Divisi\u00f3n: 1-800-HELP-FLA (435-7352), y el sitio web de la  Divisi\u00f3n: <a href=\"http:\/\/www.freshfromflorida.com\/Consumer-Resources\" target=\"_blank\" rel=\"noreferrer noopener\">http:\/\/www.freshfromflorida.com\/Consumer-Resources<\/a>\u00a0<\/li>\n\n\n\n<li>\u00a0GA \u00a0<a href=\"https:\/\/verify.sos.ga.gov\/verification\/Search.aspx?facility=Y\">https:\/\/verify.sos.ga.gov\/verification\/Search.aspx?facility=Y<\/a>\u00a0<\/li>\n\n\n\n<li>\u00a0HI \u00a0<a href=\"https:\/\/cca.hawaii.gov\/businesscheck\/\">https:\/\/cca.hawaii.gov\/businesscheck\/<\/a>\u00a0<\/li>\n\n\n\n<li>\u00a0IA \u00a0<a href=\"http:\/\/www.idob.state.ia.us\/\" target=\"_blank\" rel=\"noreferrer noopener\">http:\/\/www.idob.state.ia.us\/<\/a>\u00a0<\/li>\n\n\n\n<li>\u00a0ID \u00a0<a href=\"https:\/\/www.finance.idaho.gov\/\" target=\"_blank\" rel=\"noreferrer noopener\">https:\/\/www.finance.idaho.gov\/<\/a>\u00a0<\/li>\n\n\n\n<li>\u00a0IL \u00a0<a href=\"http:\/\/www.idfpr.com\/DFI\/CCD\/ccd_licensees.asp\" target=\"_blank\" rel=\"noreferrer noopener\">http:\/\/www.idfpr.com\/DFI\/CCD\/ccd_licensees.asp<\/a>\u00a0<\/li>\n\n\n\n<li>\u00a0IN \u00a0<a href=\"http:\/\/www.in.gov\/dfi\/index.htm\" target=\"_blank\" rel=\"noreferrer noopener\">hhttp:\/\/www.in.gov\/dfi\/index.htm<\/a>\u00a0<\/li>\n\n\n\n<li>\u00a0KS \u00a0<a href=\"http:\/\/www.osbckansas.org\/\" target=\"_blank\" rel=\"noreferrer noopener\">http:\/\/www.osbckansas.org &#8211; n\u00famero de licencia CSO.0019045<\/a>\u00a0<\/li>\n\n\n\n<li>\u00a0KY \u00a0<a href=\"https:\/\/app.sos.ky.gov\/ftsearch\/\" target=\"_blank\" rel=\"noreferrer noopener\">https:\/\/app.sos.ky.gov\/ftsearch\/<\/a>\u00a0<\/li>\n\n\n\n<li>\u00a0LA \u00a0<a href=\"https:\/\/coraweb.sos.la.gov\/CommercialSearch\/CommercialSearch.aspx\" target=\"_blank\" rel=\"noreferrer noopener\">https:\/\/coraweb.sos.la.gov\/CommercialSearch\/CommercialSearch.aspx<\/a>\u00a0<\/li>\n\n\n\n<li>\u00a0MA \u00a0<a href=\"http:\/\/corp.sec.state.ma.us\/corpweb\/CorpSearch\/CorpSearch.aspx\" target=\"_blank\" rel=\"noreferrer noopener\">http:\/\/corp.sec.state.ma.us\/corpweb\/CorpSearch\/CorpSearch.aspx<\/a>\u00a0<\/li>\n\n\n\n<li>\u00a0MD \u00a0<a href=\"http:\/\/www.dllr.state.md.us\/finance\" target=\"_blank\" rel=\"noreferrer noopener\">http:\/\/www.dllr.state.md.us\/finance\u00a0<\/a>\u00a0\u00a0Al celebrar un acuerdo con el Proveedor de Servicios de Manejo de Deudas, el consumidor autoriza a cualquier instituci\u00f3n financiera en la que el licenciatario haya establecido una cuenta fiduciaria para depositar los fondos del consumidor, a revelar al Comisionado cualquier registro financiero relacionado con la cuenta fiduciaria durante el curso de cualquier investigaci\u00f3n o examen del licenciatario por parte del Comisionado. El Comisionado de Regulaci\u00f3n Financiera para el Estado de Maryland aceptar\u00e1 cualquier pregunta y queja de los residentes de Maryland con respecto a Consumer Credit &amp; Budget Counseling, Inc, d\/b\/a National Foundation for Debt Management (Licencia #14-70) en 500 North Calvert Street, Room 402, Baltimore, MD 21202, tel\u00e9fono 1-888-784-0136.\u00a0<\/li>\n\n\n\n<li>\u00a0ME \u00a0<a href=\"http:\/\/www.maine.gov\/sos\/\" target=\"_blank\" rel=\"noreferrer noopener\">http:\/\/www.maine.gov\/sos\/<\/a>\u00a0<\/li>\n\n\n\n<li>MN \u00a0<a href=\"https:\/\/mblsportal.sos.state.mn.us\/Business\/Search\" target=\"_blank\" rel=\"noreferrer noopener\">https:\/\/mblsportal.sos.state.mn.us\/Business\/Search<\/a><\/li>\n\n\n\n<li>\u00a0MO \u00a0<a href=\"https:\/\/bsd.sos.mo.gov\/BusinessEntity\/BESearch.aspx?SearchType=0\" target=\"_blank\" rel=\"noreferrer noopener\">https:\/\/bsd.sos.mo.gov\/BusinessEntity\/BESearch.aspx?SearchType=0<\/a>\u00a0<\/li>\n\n\n\n<li>\u00a0MS \u00a0<a href=\"https:\/\/corp.sos.ms.gov\/corp\/portal\/c\/page\/corpBusinessIdSearch\/portal.aspx\">https:\/\/corp.sos.ms.gov\/corp\/portal\/c\/page\/corpBusinessIdSearch\/portal.aspx<\/a>\u00a0<\/li>\n\n\n\n<li>\u00a0MT \u00a0<a href=\"https:\/\/dojmt.gov\/consumer\/debt-relief\/\">https:\/\/dojmt.gov\/consumer\/debt-relief\/<\/a>\u00a0<\/li>\n\n\n\n<li>\u00a0NC \u00a0<a href=\"https:\/\/www.sosnc.gov\/online_services\/search\/by_title\/_Business_Registration\">https:\/\/www.sosnc.gov\/online_services\/search\/by_title\/_Business_Registration<\/a>\u00a0<\/li>\n\n\n\n<li>\u00a0ND \u00a0<a href=\"http:\/\/www.state.nd.us\/sec\/\" target=\"_blank\" rel=\"noreferrer noopener\">http:\/\/www.state.nd.us\/sec\/<\/a>\u00a0<\/li>\n\n\n\n<li>\u00a0NE \u00a0<a href=\"http:\/\/www.sos.ne.gov\/licensing\/debt.html\" target=\"_blank\" rel=\"noreferrer noopener\">http:\/\/www.sos.ne.gov\/licensing\/debt.html<\/a>\u00a0<\/li>\n\n\n\n<li>\u00a0NJ \u00a0<a href=\"http:\/\/www.state.nj.us\/dobi\/division_consumers\/finance\/counselors.html\" target=\"_blank\" rel=\"noreferrer noopener\">http:\/\/www.state.nj.us\/dobi\/division_consumers\/finance\/counselors.html<\/a>\u00a0<\/li>\n\n\n\n<li>\u00a0NM \u00a0<a href=\"http:\/\/www.sos.state.nm.us\/\" target=\"_blank\" rel=\"noreferrer noopener\">http:\/\/www.sos.state.nm.us<\/a>\u00a0<\/li>\n\n\n\n<li>\u00a0NV \u00a0<a href=\"http:\/\/nvsos.gov\/sosentitysearch\/corpsearch.aspx\" target=\"_blank\" rel=\"noreferrer noopener\">http:\/\/nvsos.gov\/sosentitysearch\/corpsearch.aspx<\/a>\u00a0<\/li>\n\n\n\n<li>\u00a0NY \u00a0<a href=\"http:\/\/www.dfs.ny.gov\/banking\/budgetplanner.htm\" target=\"_blank\" rel=\"noreferrer noopener\">http:\/\/www.dfs.ny.gov\/banking\/budgetplanner.htm<\/a>\u00a0<\/li>\n\n\n\n<li>\u00a0OH \u00a0<a href=\"http:\/\/www.state.oh.us\/sos\" target=\"_blank\" rel=\"noreferrer noopener\">http:\/\/www.state.oh.us\/sos<\/a>\u00a0<\/li>\n\n\n\n<li>\u00a0OK \u00a0<a href=\"https:\/\/www.sos.ok.gov\/\" target=\"_blank\" rel=\"noreferrer noopener\">https:\/\/www.sos.ok.gov\/<\/a>\u00a0<\/li>\n\n\n\n<li>\u00a0OR \u00a0<a href=\"https:\/\/dfr.oregon.gov\/help\/complaints-licenses\/Pages\/check-license.aspx\">https:\/\/dfr.oregon.gov\/help\/complaints-licenses\/Pages\/check-license.aspx<\/a>\u00a0<\/li>\n\n\n\n<li>\u00a0PA \u00a0<a href=\"https:\/\/www.corporations.pa.gov\/Search\/corpsearch\" target=\"_blank\" rel=\"noreferrer noopener\">https:\/\/www.corporations.pa.gov\/Search\/corpsearch<\/a>\u00a0<\/li>\n\n\n\n<li>\u00a0SC \u00a0<a href=\"https:\/\/consumer.sc.gov\/licensee-lookup\">https:\/\/consumer.sc.gov\/licensee-lookup<\/a>\u00a0<\/li>\n\n\n\n<li>\u00a0SD \u00a0<a href=\"https:\/\/sosenterprise.sd.gov\/BusinessServices\/Business\/FilingSearch.aspx\" target=\"_blank\" rel=\"noreferrer noopener\">https:\/\/sosenterprise.sd.gov\/BusinessServices\/Business\/FilingSearch.aspx<\/a>\u00a0<\/li>\n\n\n\n<li>\u00a0TN \u00a0<a href=\"http:\/\/verify.tn.gov\/\" target=\"_blank\" rel=\"noreferrer noopener\">http:\/\/verify.tn.gov\/\/<\/a>\u00a0<\/li>\n\n\n\n<li>\u00a0TX \u00a0<a href=\"https:\/\/www.sos.state.tx.us\/index.html\" target=\"_blank\" rel=\"noreferrer noopener\">https:\/\/www.sos.state.tx.us\/index.html<\/a>\u00a0<\/li>\n\n\n\n<li>\u00a0UT \u00a0<a href=\"http:\/\/consumerprotection.utah.gov\/consumerinfo\/lists.html?list=DMS\" target=\"_blank\" rel=\"noreferrer noopener\">http:\/\/consumerprotection.utah.gov\/consumerinfo\/lists.html?list=DMS<\/a>\u00a0<\/li>\n\n\n\n<li>\u00a0VT \u00a0<a href=\"https:\/\/dfr.vermont.gov\/consumers\/verify-license\">https:\/\/dfr.vermont.gov\/consumers\/verify-license<\/a>\u00a0<\/li>\n\n\n\n<li>\u00a0VA \u00a0<a href=\"http:\/\/www.scc.virginia.gov\/bfi\/reg_inst\/credit.aspx\" target=\"_blank\" rel=\"noreferrer noopener\">http:\/\/www.scc.virginia.gov\/bfi\/reg_inst\/credit.aspx\u00a0<\/a>Consumer Credit and Budget Counseling, Inc. est\u00e1 autorizada por la Comisi\u00f3n Corporativa del Estado de Virginia con el n\u00famero de licencia DC-34.\u00a0<\/li>\n\n\n\n<li>\u00a0WA \u00a0<a href=\"http:\/\/www.secstate.wa.gov\/\" target=\"_blank\" rel=\"noreferrer noopener\">http:\/\/www.secstate.wa.gov\/<\/a>\u00a0<\/li>\n\n\n\n<li>\u00a0WI \u00a0<a href=\"http:\/\/www.wdfi.org\/fi\/lfs\/\" target=\"_blank\" rel=\"noreferrer noopener\">http:\/\/www.wdfi.org\/fi\/lfs\/<\/a><\/li>\n\n\n\n<li>\u00a0\u00a0WV \u00a0<a href=\"http:\/\/www.sos.wv.gov\/Pages\/default.aspx\" target=\"_blank\" rel=\"noreferrer noopener\">http:\/\/www.sos.wv.gov\/Pages\/default.aspx<\/a>\u00a0<\/li>\n\n\n\n<li>\u00a0WY \u00a0<a href=\"http:\/\/soswy.state.wy.us\/\" target=\"_blank\" rel=\"noreferrer noopener\">http:\/\/soswy.state.wy.us\/<\/a>\u00a0<\/li>\n<\/ul>\n<\/div><\/div>\n<\/div><\/div>\n<\/div><\/div><\/div>\n<\/div><\/div><\/div>\n","protected":false},"excerpt":{"rendered":"","protected":false},"author":2,"featured_media":0,"parent":0,"menu_order":0,"comment_status":"closed","ping_status":"closed","template":"","meta":{"_acf_changed":false,"vt_media_queries":"[vt-id=\"12d95a2c-af8e-468f-95c1-5471b6650de0\"] {padding-top: 50px;\npadding-bottom: 50px;}[vt-id=\"aff66508-c81b-4f28-a574-0a8512177a5c\"] {padding-top: 50px;\npadding-bottom: 50px;}","footnotes":""},"class_list":["post-638","page","type-page","status-publish","hentry"],"acf":[],"featured_image_src":"","featured_image_src_square":"","yoast_head":"<!-- This site is optimized with the Yoast SEO plugin v25.8 - https:\/\/yoast.com\/wordpress\/plugins\/seo\/ -->\n<title>Legal - Consumer Credit and Budget Counseling, Inc.<\/title>\n<meta name=\"robots\" content=\"index, follow, max-snippet:-1, max-image-preview:large, max-video-preview:-1\" \/>\n<link rel=\"canonical\" href=\"https:\/\/cc-bc.com\/es\/legal\/\" \/>\n<meta property=\"og:locale\" content=\"es_ES\" \/>\n<meta property=\"og:type\" content=\"article\" \/>\n<meta property=\"og:title\" content=\"Legal - Consumer Credit and Budget Counseling, Inc.\" \/>\n<meta property=\"og:url\" content=\"https:\/\/cc-bc.com\/es\/legal\/\" \/>\n<meta property=\"og:site_name\" content=\"Consumer Credit and Budget Counseling, Inc.\" \/>\n<meta property=\"article:modified_time\" content=\"2025-09-11T20:37:22+00:00\" \/>\n<meta name=\"twitter:card\" content=\"summary_large_image\" \/>\n<meta name=\"twitter:label1\" content=\"Tiempo de lectura\" \/>\n\t<meta name=\"twitter:data1\" content=\"3 minutos\" \/>\n<script type=\"application\/ld+json\" class=\"yoast-schema-graph\">{\"@context\":\"https:\/\/schema.org\",\"@graph\":[{\"@type\":\"WebPage\",\"@id\":\"https:\/\/cc-bc.com\/es\/legal\/\",\"url\":\"https:\/\/cc-bc.com\/es\/legal\/\",\"name\":\"Legal - Consumer Credit and Budget Counseling, Inc.\",\"isPartOf\":{\"@id\":\"https:\/\/cc-bc.com\/es\/#website\"},\"primaryImageOfPage\":{\"@id\":\"https:\/\/cc-bc.com\/es\/legal\/#primaryimage\"},\"image\":{\"@id\":\"https:\/\/cc-bc.com\/es\/legal\/#primaryimage\"},\"thumbnailUrl\":\"https:\/\/cc-bc.com\/wp-content\/uploads\/2021\/08\/image-6.jpeg\",\"datePublished\":\"2021-08-02T17:29:26+00:00\",\"dateModified\":\"2025-09-11T20:37:22+00:00\",\"breadcrumb\":{\"@id\":\"https:\/\/cc-bc.com\/es\/legal\/#breadcrumb\"},\"inLanguage\":\"es\",\"potentialAction\":[{\"@type\":\"ReadAction\",\"target\":[\"https:\/\/cc-bc.com\/es\/legal\/\"]}]},{\"@type\":\"ImageObject\",\"inLanguage\":\"es\",\"@id\":\"https:\/\/cc-bc.com\/es\/legal\/#primaryimage\",\"url\":\"https:\/\/cc-bc.com\/wp-content\/uploads\/2021\/08\/image-6.jpeg\",\"contentUrl\":\"https:\/\/cc-bc.com\/wp-content\/uploads\/2021\/08\/image-6.jpeg\"},{\"@type\":\"BreadcrumbList\",\"@id\":\"https:\/\/cc-bc.com\/es\/legal\/#breadcrumb\",\"itemListElement\":[{\"@type\":\"ListItem\",\"position\":1,\"name\":\"Home\",\"item\":\"https:\/\/cc-bc.com\/es\/\"},{\"@type\":\"ListItem\",\"position\":2,\"name\":\"Legal\"}]},{\"@type\":\"WebSite\",\"@id\":\"https:\/\/cc-bc.com\/es\/#website\",\"url\":\"https:\/\/cc-bc.com\/es\/\",\"name\":\"Consumer Credit and Budget Counseling, Inc.\",\"description\":\"Just another Consumer Credit and Budget Counseling, Inc. Sites site\",\"potentialAction\":[{\"@type\":\"SearchAction\",\"target\":{\"@type\":\"EntryPoint\",\"urlTemplate\":\"https:\/\/cc-bc.com\/es\/?s={search_term_string}\"},\"query-input\":{\"@type\":\"PropertyValueSpecification\",\"valueRequired\":true,\"valueName\":\"search_term_string\"}}],\"inLanguage\":\"es\"}]}<\/script>\n<!-- \/ Yoast SEO plugin. -->","yoast_head_json":{"title":"Legal - Consumer Credit and Budget Counseling, Inc.","robots":{"index":"index","follow":"follow","max-snippet":"max-snippet:-1","max-image-preview":"max-image-preview:large","max-video-preview":"max-video-preview:-1"},"canonical":"https:\/\/cc-bc.com\/es\/legal\/","og_locale":"es_ES","og_type":"article","og_title":"Legal - Consumer Credit and Budget Counseling, Inc.","og_url":"https:\/\/cc-bc.com\/es\/legal\/","og_site_name":"Consumer Credit and Budget Counseling, Inc.","article_modified_time":"2025-09-11T20:37:22+00:00","twitter_card":"summary_large_image","twitter_misc":{"Tiempo de lectura":"3 minutos"},"schema":{"@context":"https:\/\/schema.org","@graph":[{"@type":"WebPage","@id":"https:\/\/cc-bc.com\/es\/legal\/","url":"https:\/\/cc-bc.com\/es\/legal\/","name":"Legal - Consumer Credit and Budget Counseling, Inc.","isPartOf":{"@id":"https:\/\/cc-bc.com\/es\/#website"},"primaryImageOfPage":{"@id":"https:\/\/cc-bc.com\/es\/legal\/#primaryimage"},"image":{"@id":"https:\/\/cc-bc.com\/es\/legal\/#primaryimage"},"thumbnailUrl":"https:\/\/cc-bc.com\/wp-content\/uploads\/2021\/08\/image-6.jpeg","datePublished":"2021-08-02T17:29:26+00:00","dateModified":"2025-09-11T20:37:22+00:00","breadcrumb":{"@id":"https:\/\/cc-bc.com\/es\/legal\/#breadcrumb"},"inLanguage":"es","potentialAction":[{"@type":"ReadAction","target":["https:\/\/cc-bc.com\/es\/legal\/"]}]},{"@type":"ImageObject","inLanguage":"es","@id":"https:\/\/cc-bc.com\/es\/legal\/#primaryimage","url":"https:\/\/cc-bc.com\/wp-content\/uploads\/2021\/08\/image-6.jpeg","contentUrl":"https:\/\/cc-bc.com\/wp-content\/uploads\/2021\/08\/image-6.jpeg"},{"@type":"BreadcrumbList","@id":"https:\/\/cc-bc.com\/es\/legal\/#breadcrumb","itemListElement":[{"@type":"ListItem","position":1,"name":"Home","item":"https:\/\/cc-bc.com\/es\/"},{"@type":"ListItem","position":2,"name":"Legal"}]},{"@type":"WebSite","@id":"https:\/\/cc-bc.com\/es\/#website","url":"https:\/\/cc-bc.com\/es\/","name":"Consumer Credit and Budget Counseling, Inc.","description":"Just another Consumer Credit and Budget Counseling, Inc. Sites site","potentialAction":[{"@type":"SearchAction","target":{"@type":"EntryPoint","urlTemplate":"https:\/\/cc-bc.com\/es\/?s={search_term_string}"},"query-input":{"@type":"PropertyValueSpecification","valueRequired":true,"valueName":"search_term_string"}}],"inLanguage":"es"}]}},"_links":{"self":[{"href":"https:\/\/cc-bc.com\/es\/wp-json\/wp\/v2\/pages\/638","targetHints":{"allow":["GET"]}}],"collection":[{"href":"https:\/\/cc-bc.com\/es\/wp-json\/wp\/v2\/pages"}],"about":[{"href":"https:\/\/cc-bc.com\/es\/wp-json\/wp\/v2\/types\/page"}],"author":[{"embeddable":true,"href":"https:\/\/cc-bc.com\/es\/wp-json\/wp\/v2\/users\/2"}],"replies":[{"embeddable":true,"href":"https:\/\/cc-bc.com\/es\/wp-json\/wp\/v2\/comments?post=638"}],"version-history":[{"count":2,"href":"https:\/\/cc-bc.com\/es\/wp-json\/wp\/v2\/pages\/638\/revisions"}],"predecessor-version":[{"id":1332,"href":"https:\/\/cc-bc.com\/es\/wp-json\/wp\/v2\/pages\/638\/revisions\/1332"}],"wp:attachment":[{"href":"https:\/\/cc-bc.com\/es\/wp-json\/wp\/v2\/media?parent=638"}],"curies":[{"name":"wp","href":"https:\/\/api.w.org\/{rel}","templated":true}]}}