{"id":475,"date":"2021-07-30T21:03:20","date_gmt":"2021-07-30T21:03:20","guid":{"rendered":"https:\/\/cc-bc.com\/?page_id=475"},"modified":"2023-04-11T15:21:30","modified_gmt":"2023-04-11T19:21:30","slug":"modificacion-de-la-hipoteca","status":"publish","type":"page","link":"https:\/\/cc-bc.com\/es\/modificacion-de-la-hipoteca\/","title":{"rendered":"Modificaci\u00f3n de la Hipoteca"},"content":{"rendered":"\n<div vt-id=\"24ab9f72-7535-4f66-af38-1fd04cb40e42\" class=\"wp-block-vt-container ab-block-container\"><div class=\"ab-container-inside container\"><div class=\"ab-container-content\">\n<div vt-id=\"8704f175-0177-464e-a3b1-ae4eee3951c6\" class=\"wp-block-vt-ab-columns ab-layout-columns-2 md_6_6\"><div class=\"ab-layout-column-wrap row\">\n<div vt-id=\"e3a82a23-629c-471b-81c2-7a91f1b1e5bb\" class=\"col-12 col-xl-5 col-lg-6 col-sm-11 col-xs-12 col-md-12 ab-block-layout-column\"><div class=\"ab-block-layout-column-inner\">\n<figure class=\"wp-block-image\"><img decoding=\"async\" src=\"https:\/\/img1.wsimg.com\/isteam\/ip\/7f429793-3629-4e69-a97e-9e1cbd98fa0d\/Depositphotos_2329065_xl-2015.jpg\/:\/\" alt=\"Loan Modification Assistance offered by Consumer Credit and Budget Counselling\"\/><\/figure>\n<\/div><\/div>\n\n\n\n<div vt-id=\"ec5b709d-8bd9-47d5-b015-70327310bd66\" class=\"col-12 col-xl-6 col-lg-6 col-sm-12 col-xs-12 col-md-12 ab-block-layout-column\"><div class=\"ab-block-layout-column-inner\">\n<h1 class=\"wp-block-heading\" id=\"h-modificaci-n-de-la-hipoteca\">MODIFICACI\u00d3N DE LA HIPOTECA<\/h1>\n\n\n\n<p>Si tiene dificultades para hacer los pagos mensuales de su hipoteca o se ha retrasado, puede estar en riesgo de perder su casa. Es posible que re\u00fana los requisitos para una modificaci\u00f3n del pr\u00e9stamo, lo que puede facilitar el cumplimiento de los pagos de la hipoteca y evitar la ejecuci\u00f3n hipotecaria.<\/p>\n\n\n\n<p class=\"text-center\"><a class=\"btn btn-primary\" href=\"https:\/\/nfdm.typeform.com\/to\/GnRvIoiC\" target=\"_blank\" rel=\"noreferrer noopener\">Click aqu\u00ed para una sesi\u00f3n de consejer\u00eda gratuita<\/a><\/p>\n\n\n\n<p><h2 class=\"text-center\"><a href=\"tel:(844) 820-4137\">(844) 820-4137<\/a><\/h2><\/p>\n\n\n\n<div class=\"wp-block-columns is-layout-flex wp-container-core-columns-is-layout-9d6595d7 wp-block-columns-is-layout-flex\">\n<div class=\"wp-block-column is-layout-flow wp-block-column-is-layout-flow\">\n<figure class=\"wp-block-image size-full\"><img loading=\"lazy\" decoding=\"async\" width=\"56\" height=\"52\" src=\"https:\/\/cc-bc.com\/es\/wp-content\/uploads\/sites\/2\/2023\/04\/HUD.jpg\" alt=\"HUD Logo\" class=\"wp-image-1097\"\/><\/figure>\n<\/div>\n\n\n\n<div class=\"wp-block-column is-layout-flow wp-block-column-is-layout-flow\">\n<figure class=\"wp-block-image size-full\"><img loading=\"lazy\" decoding=\"async\" width=\"138\" height=\"54\" src=\"https:\/\/cc-bc.com\/es\/wp-content\/uploads\/sites\/2\/2023\/04\/NJ-HMFA.jpg\" alt=\"\" class=\"wp-image-1098\"\/><\/figure>\n<\/div>\n\n\n\n<div class=\"wp-block-column is-layout-flow wp-block-column-is-layout-flow\">\n<figure class=\"pt-3 wp-block-image size-full\"><img loading=\"lazy\" decoding=\"async\" width=\"120\" height=\"30\" src=\"https:\/\/cc-bc.com\/es\/wp-content\/uploads\/sites\/2\/2023\/04\/FL-Dept-Econ-Opportunity.jpg\" alt=\"FL-Dept-OF ECONOMIC OPPOSTUNUTY;\" class=\"wp-image-1099\"\/><\/figure>\n<\/div>\n\n\n\n<div class=\"wp-block-column is-layout-flow wp-block-column-is-layout-flow\">\n<figure class=\"wp-block-image size-full\"><img loading=\"lazy\" decoding=\"async\" width=\"120\" height=\"50\" src=\"https:\/\/cc-bc.com\/es\/wp-content\/uploads\/sites\/2\/2023\/04\/NeighborWorks.jpg\" alt=\"NeighborWorks Logo\" class=\"wp-image-1100\"\/><\/figure>\n<\/div>\n<\/div>\n<\/div><\/div>\n<\/div><\/div>\n<\/div><\/div><\/div>\n\n\n\n<div vt-id=\"aff66508-c81b-4f28-a574-0a8512177a5c\" style=\"background-color:#f6f6f6\" class=\"wp-block-vt-container ab-block-container\"><div class=\"ab-container-inside\"><div class=\"ab-container-content container\">\n<div vt-id=\"dd1c6d9e-0e3c-4d7c-bf10-2caaae8a8566\" class=\"wp-block-vt-container ab-block-container\"><div class=\"ab-container-inside text-center\"><div class=\"ab-container-content\"><div class=\"flex flex-col\">\n         <H2 class='ml-3 mb-14 | VT-Heading'>PREVENCI\u00d3N DE LA MOROSIDAD HIPOTECARIA Y DE LA EJECUCI\u00d3N HIPOTECARIA<\/H2><\/div><\/div><\/div><\/div>\n\n\n\n<div vt-id=\"0f26717e-91fd-46c3-a098-5f00136c7eaa\" class=\"wp-block-vt-ab-columns ab-layout-columns-2 md_8_4\"><div class=\"ab-layout-column-wrap row\">\n<div vt-id=\"135d2f46-55c8-412c-a2e6-ee865b1b9f98\" class=\"col-12 col-xl-8 col-lg-8 col-md-8 col-sm-12 col-xs-12 ab-block-layout-column\"><div class=\"ab-block-layout-column-inner\">\n<h4 class=\"wp-block-heading\" id=\"h-ccbc-nfdm-ofrece-asistencia-a-los-propietarios-de-viviendas-en-nueva-jersey-y-florida-con-solicitudes-de-modificaci-n\">CCBC-NFDM ofrece asistencia a los propietarios de viviendas en Nueva Jersey y Florida con solicitudes de modificaci\u00f3n<\/h4>\n\n\n\n<p>Consumer Credit and Budget Counseling, una agencia de consejer\u00eda en materia de vivienda aprobada por el Departamento de Vivienda y Desarrollo Urbano (HUD, por sus siglas en ingl\u00e9s), ayuda a los propietarios morosos y a los que se enfrentan a una ejecuci\u00f3n hipotecaria. Ayudan a los clientes a examinar su situaci\u00f3n actual y les ayudan a determinar si es posible mantener la casa, y los pasos que los clientes tendr\u00e1n que tomar para mantener su casa.<\/p>\n\n\n\n<p>LLAME AL <strong><a href=\"tel:(844) 820-4137\">(844) 820-4137<\/a><\/strong> para hablar con un consejero certificado AHORA<\/p>\n\n\n\n<p>SIN CARGO<\/p>\n\n\n\n<p>Agencia aprobada por el HUD&nbsp;<\/p>\n\n\n\n<p>Desafortunadamente para algunos que se han encontrado en esta posici\u00f3n mantener su casa ya no es una soluci\u00f3n viable. Sin embargo, curiosamente, la ejecuci\u00f3n hipotecaria no siempre es la mejor soluci\u00f3n. Hay otras opciones disponibles y el consejero de prevenci\u00f3n de morosidad y ejecuci\u00f3n hipotecaria de CC&amp;BC las discutir\u00e1 con el cliente.&nbsp;<\/p>\n\n\n\n<p>La consejer\u00eda NO detiene una ejecuci\u00f3n hipotecaria. Sin embargo, muchos administradores est\u00e1n de acuerdo en poner el proceso de ejecuci\u00f3n hipotecaria en espera durante las negociaciones de modificaci\u00f3n o mientras el propietario est\u00e1 explorando una soluci\u00f3n adecuada para la morosidad o el incumplimiento de la hipoteca.<\/p>\n\n\n\n<p>Durante la sesi\u00f3n de consejer\u00eda sobre la ejecuci\u00f3n hipotecaria, el consejero puede:<\/p>\n\n\n\n<p>1. Examinar la situaci\u00f3n financiera actual del cliente<\/p>\n\n\n\n<p>2. Ayudarles a echar un vistazo a sus gastos actuales.<\/p>\n\n\n\n<p>3. Ayudar a elaborar un presupuesto que determine el m\u00e1ximo posible de fondos disponibles para hacer frente a los pagos de la hipoteca.&nbsp;<\/p>\n\n\n\n<p>4. Tambi\u00e9n se explorar\u00e1n y documentar\u00e1n las razones de la falta de pago, (estas razones ser\u00e1n la base para preparar una carta de dificultad).<\/p>\n\n\n\n<p>5. El consejero revisar\u00e1 las opciones de soluci\u00f3n disponibles para el cliente y ayudar\u00e1 a determinar si la falta de pago puede resolverse.&nbsp;<\/p>\n\n\n\n<p>Se espera que el consejero sea brutalmente honesto. De hecho, puede que al cliente no le gusten las opciones disponibles. Pero el consejero TIENE que elaborar una propuesta REALISTA; esto es en beneficio del cliente porque una soluci\u00f3n fallida puede dejar al propietario en una posici\u00f3n peor.&nbsp;<\/p>\n\n\n\n<p>Si el cliente decide que no le gustan las opciones que sugiere el consejero, se le animar\u00e1 a explorar otras soluciones. Sin embargo, hay que advertirles que tengan cuidado con cualquier oferta que suene demasiado bien para creerla, porque normalmente son falsas. Hay depredadores que se aprovechan de los propietarios que se aferran a cualquier soluci\u00f3n.<\/p>\n\n\n\n<p>6. Juntos, el cliente y el consejero elaborar\u00e1n un plan de acci\u00f3n en el que se expondr\u00e1n las opciones disponibles y las recomendaciones elaboradas durante la sesi\u00f3n de consejer\u00eda.<\/p>\n\n\n\n<p>Independientemente de las opciones de soluci\u00f3n que sean apropiadas para el cliente, el administrador de la hipoteca va a necesitar cierta documentaci\u00f3n para aprobar una soluci\u00f3n. &nbsp; El cliente y el consejero tendr\u00e1n que empezar a reunir algunos documentos importantes:<\/p>\n\n\n\n<ol class=\"wp-block-list\">\n<li>Carta de Dificultad&nbsp;<\/li>\n\n\n\n<li>Posici\u00f3n financiera actual (se completa una hoja de trabajo)<\/li>\n\n\n\n<li>N\u00f3minas actuales<\/li>\n\n\n\n<li>Declaraci\u00f3n de impuestos y W2 (no siempre)<\/li>\n\n\n\n<li><a rel=\"noreferrer noopener\" href=\"https:\/\/www.irs.gov\/pub\/irs-pdf\/f4506t.pdf\" target=\"_blank\">Formulario de impuestos del IRS 4506T<\/a><\/li>\n\n\n\n<li>El presupuesto de emergencia que elabora el consejero<\/li>\n\n\n\n<li>Declaraci\u00f3n de la hipoteca<\/li>\n<\/ol>\n\n\n\n<p>A continuaci\u00f3n, el consejero debe revisar el expediente y los documentos para determinar si existe un problema de pr\u00e9stamo abusivo que deba ser denunciado.<\/p>\n\n\n\n<p>El siguiente paso en el proceso implica la negociaci\u00f3n real con el prestamista. La mayor\u00eda de los prestamistas necesitan que el expediente elaborado con el cliente se env\u00ede por fax o correo electr\u00f3nico. Entonces se inicia una conferencia telef\u00f3nica con el prestamista, el cliente y el consejero. El consejero debe discutir el caso con el prestamista y escuchar lo que \u00e9ste propone.<\/p>\n\n\n\n<p>La propuesta debe examinarse cuidadosamente para asegurarse de que est\u00e1 dentro de las posibilidades del cliente y de su presupuesto. Si la propuesta no es viable, el consejero debe hacer sugerencias al prestamista sobre los compromisos que pueden ser apropiados para el cliente.<\/p>\n\n\n\n<p>Las ventajas y desventajas de la soluci\u00f3n deben explicarse cuidadosamente al cliente, pero la decisi\u00f3n final corresponde al cliente.<\/p>\n\n\n\n<p>Todas las partes que intervienen en el proceso de consejer\u00eda sobre la morosidad hipotecaria y la prevenci\u00f3n de la ejecuci\u00f3n hipotecaria tienen que entender que todo el proceso puede llevar alg\u00fan tiempo, hasta tres meses.&nbsp; El consejero y el administrador de la hipoteca comprenden que el propietario de la vivienda est\u00e1 ansioso por su situaci\u00f3n, pero el proceso no se produce de la noche a la ma\u00f1ana. Es necesario examinar los m\u00e9ritos de la propuesta y verificar la informaci\u00f3n presentada. Y, lo que es m\u00e1s, los consejeros y los administradores est\u00e1n desbordados por el volumen de propietarios que buscan ayuda. Cada una de las partes debe ser paciente con el proceso y entre s\u00ed.<\/p>\n\n\n\n<p>Los residentes de Nueva Jersey deben llamar al <strong><a href=\"tel:(844) 820-4137\">(844) 820-4137<\/a><\/strong><\/p>\n\n\n\n<p>Los residentes de Florida deben llamar al <strong><a href=\"tel:(844) 804-7416\">(844) 804-7416<\/a><\/strong><\/p>\n\n\n\n<p>OBTENGA AYUDA AHORA<\/p>\n<\/div><\/div>\n\n\n\n<div vt-id=\"97177b4d-4b3a-44c9-a3b2-c43c01ca53ca\" class=\"col-12 col-xl-4 col-lg-4 col-md-4 col-sm-12 col-xs-12 ab-block-layout-column\"><div class=\"ab-block-layout-column-inner\">\n<figure class=\"wp-block-image size-full\"><img decoding=\"async\" src=\"https:\/\/cc-bc.com\/wp-content\/uploads\/2021\/07\/image-9.jpeg\" alt=\"Phone Counseling 888-738-8233\" class=\"wp-image-479\"\/><figcaption class=\"wp-element-caption\">La consejer\u00eda se hace por tel\u00e9fono para prevenir el Coronavirus<\/figcaption><\/figure>\n<\/div><\/div>\n<\/div><\/div>\n<\/div><\/div><\/div>\n\n\n\n<div vt-id=\"261de7d5-d1f7-453c-b3ea-65f7c43ab682\" class=\"wp-block-vt-container ab-block-container\"><div class=\"ab-container-inside container\"><div class=\"ab-container-content\">\n<div vt-id=\"093ab1b8-d374-4c11-9735-cd8090336f26\" class=\"wp-block-vt-container ab-block-container\"><div class=\"ab-container-inside text-center\"><div class=\"ab-container-content\"><div class=\"flex flex-col\">\n         <H2 class='ml-3 mb-14 | VT-Heading'>FORMULARIO DE INGRESO<\/H2><\/div>\n\n\n<p class=\"mb-14\">Por favor, descargue el formulario para comenzar el proceso &#8211; Env\u00ede el formulario completo por fax al <strong><a href=\"tel:(844) 504-1759\">(844) 504-1759<\/a><\/strong> o por correo electr\u00f3nico a&nbsp;<a rel=\"noreferrer noopener\" href=\"mailto:icruz@nfdm.org\" target=\"_blank\">icruz@nfdm.org<\/a><\/p>\n<\/div><\/div><\/div>\n\n\n\n<div vt-id=\"86ac975e-2ade-4028-a907-db3870559d3d\" class=\"wp-block-vt-container col-lg-6 ab-block-container\"><div class=\"ab-container-inside\"><div class=\"ab-container-content\">\n<div vt-id=\"ca2adca1-4071-4e78-b162-70e3332d089a\" class=\"wp-block-vt-container ab-block-container\"><div class=\"ab-container-inside\"><div class=\"ab-container-content\">\n<div vt-id=\"18455115-3dc9-4a87-880d-6b0b77597f6f\" class=\"wp-block-vt-ab-columns ab-layout-columns-2 md_9_3\"><div class=\"ab-layout-column-wrap row\">\n<div vt-id=\"df300f5e-0e3d-4849-95bf-27371d197991\" class=\"col-12 col-xl-9 col-lg-9 col-md-9 col-sm-7 col-xs-7 ab-block-layout-column\"><div class=\"ab-block-layout-column-inner\">\n<p>Mortgage CLIENT INTAKE_fillable (pdf)<\/p>\n<\/div><\/div>\n\n\n\n<div vt-id=\"6f66c253-c5de-42c7-8c89-e58ce070470d\" class=\"mb-14 col-12 col-xl-3 col-lg-3 col-md-3 col-xs-5 col-sm-5 ab-block-layout-column\"><div class=\"ab-block-layout-column-inner\">\n<a href=\"http:\/\/cc-bc.com\/wp-content\/uploads\/2021\/07\/Mortgage-CLIENT-INTAKE_fillable.pdf\"><div class=\"flex\"><svg viewBox=\"0 0 24 24\" fill=\"currentColor\" width=\"1em\" height=\"1em\" data-ux=\"Icon\" data-aid=\"download\" class=\"x-el x-el-svg c1-1 c1-2 c1-2b c1-2c c1-30 c1-b c1-c c1-d c1-e c1-f c1-g\"><path fill-rule=\"evenodd\" d=\"M19.498 15.663c.272 0 .492.22.492.492V19.5c0 .272-.22.492-.492.492H4.492A.492.492 0 0 1 4 19.5v-3.346c0-.271.221-.492.492-.492h4.897a.49.49 0 0 1 .344.14l1.414 1.383a1.253 1.253 0 0 0 1.759-.008l1.381-1.372a.495.495 0 0 1 .347-.143h4.864zm-1.922 2.113a.752.752 0 0 0-.75-.75h-.192a.752.752 0 0 0-.75.75c0 .412.338.75.75.75h.192c.412 0 .75-.338.75-.75zm-.82-8.219c.45 0 .675.543.357.86l-4.751 4.75a.502.502 0 0 1-.71.003l-4.83-4.75a.504.504 0 0 1 .355-.863h3.927V5a1 1 0 0 1 2 0v4.557h3.653z\"><\/path><\/svg> Descargar <\/div><\/a>\n<\/div><\/div>\n<\/div><\/div>\n<\/div><\/div><\/div>\n<\/div><\/div><\/div>\n<\/div><\/div><\/div>\n","protected":false},"excerpt":{"rendered":"","protected":false},"author":2,"featured_media":0,"parent":0,"menu_order":0,"comment_status":"closed","ping_status":"closed","template":"","meta":{"_acf_changed":false,"vt_media_queries":"[vt-id=\"ec5b709d-8bd9-47d5-b015-70327310bd66\"] {padding-top: 50px;}[vt-id=\"aff66508-c81b-4f28-a574-0a8512177a5c\"] {padding-top: 50px;\npadding-bottom: 50px;}[vt-id=\"261de7d5-d1f7-453c-b3ea-65f7c43ab682\"] {padding-top: 50px;\npadding-bottom: 50px;}[vt-id=\"86ac975e-2ade-4028-a907-db3870559d3d\"] {margin-left: auto;\nmargin-right: auto;}","footnotes":""},"class_list":["post-475","page","type-page","status-publish","hentry"],"acf":[],"featured_image_src":"","featured_image_src_square":"","yoast_head":"<!-- This site is optimized with the Yoast SEO plugin v25.8 - https:\/\/yoast.com\/wordpress\/plugins\/seo\/ -->\n<title>Modificaci\u00f3n de la Hipoteca - Consumer Credit and Budget Counseling, Inc.<\/title>\n<meta name=\"robots\" content=\"index, follow, max-snippet:-1, max-image-preview:large, max-video-preview:-1\" \/>\n<link rel=\"canonical\" href=\"https:\/\/cc-bc.com\/es\/modificacion-de-la-hipoteca\/\" \/>\n<meta property=\"og:locale\" content=\"es_ES\" \/>\n<meta property=\"og:type\" content=\"article\" \/>\n<meta property=\"og:title\" content=\"Modificaci\u00f3n de la Hipoteca - Consumer Credit and Budget Counseling, Inc.\" \/>\n<meta property=\"og:url\" content=\"https:\/\/cc-bc.com\/es\/modificacion-de-la-hipoteca\/\" \/>\n<meta property=\"og:site_name\" content=\"Consumer Credit and Budget Counseling, Inc.\" \/>\n<meta property=\"article:modified_time\" content=\"2023-04-11T19:21:30+00:00\" \/>\n<meta property=\"og:image\" content=\"https:\/\/img1.wsimg.com\/isteam\/ip\/7f429793-3629-4e69-a97e-9e1cbd98fa0d\/Depositphotos_2329065_xl-2015.jpg\/:\/\" \/>\n<meta name=\"twitter:card\" content=\"summary_large_image\" \/>\n<meta name=\"twitter:label1\" content=\"Tiempo de lectura\" \/>\n\t<meta name=\"twitter:data1\" content=\"6 minutos\" \/>\n<script type=\"application\/ld+json\" class=\"yoast-schema-graph\">{\"@context\":\"https:\/\/schema.org\",\"@graph\":[{\"@type\":\"WebPage\",\"@id\":\"https:\/\/cc-bc.com\/es\/modificacion-de-la-hipoteca\/\",\"url\":\"https:\/\/cc-bc.com\/es\/modificacion-de-la-hipoteca\/\",\"name\":\"Modificaci\u00f3n de la Hipoteca - Consumer Credit and Budget Counseling, Inc.\",\"isPartOf\":{\"@id\":\"https:\/\/cc-bc.com\/es\/#website\"},\"primaryImageOfPage\":{\"@id\":\"https:\/\/cc-bc.com\/es\/modificacion-de-la-hipoteca\/#primaryimage\"},\"image\":{\"@id\":\"https:\/\/cc-bc.com\/es\/modificacion-de-la-hipoteca\/#primaryimage\"},\"thumbnailUrl\":\"https:\/\/img1.wsimg.com\/isteam\/ip\/7f429793-3629-4e69-a97e-9e1cbd98fa0d\/Depositphotos_2329065_xl-2015.jpg\/:\/\",\"datePublished\":\"2021-07-30T21:03:20+00:00\",\"dateModified\":\"2023-04-11T19:21:30+00:00\",\"breadcrumb\":{\"@id\":\"https:\/\/cc-bc.com\/es\/modificacion-de-la-hipoteca\/#breadcrumb\"},\"inLanguage\":\"es\",\"potentialAction\":[{\"@type\":\"ReadAction\",\"target\":[\"https:\/\/cc-bc.com\/es\/modificacion-de-la-hipoteca\/\"]}]},{\"@type\":\"ImageObject\",\"inLanguage\":\"es\",\"@id\":\"https:\/\/cc-bc.com\/es\/modificacion-de-la-hipoteca\/#primaryimage\",\"url\":\"https:\/\/img1.wsimg.com\/isteam\/ip\/7f429793-3629-4e69-a97e-9e1cbd98fa0d\/Depositphotos_2329065_xl-2015.jpg\/:\/\",\"contentUrl\":\"https:\/\/img1.wsimg.com\/isteam\/ip\/7f429793-3629-4e69-a97e-9e1cbd98fa0d\/Depositphotos_2329065_xl-2015.jpg\/:\/\"},{\"@type\":\"BreadcrumbList\",\"@id\":\"https:\/\/cc-bc.com\/es\/modificacion-de-la-hipoteca\/#breadcrumb\",\"itemListElement\":[{\"@type\":\"ListItem\",\"position\":1,\"name\":\"Home\",\"item\":\"https:\/\/cc-bc.com\/es\/\"},{\"@type\":\"ListItem\",\"position\":2,\"name\":\"Modificaci\u00f3n de la Hipoteca\"}]},{\"@type\":\"WebSite\",\"@id\":\"https:\/\/cc-bc.com\/es\/#website\",\"url\":\"https:\/\/cc-bc.com\/es\/\",\"name\":\"Consumer Credit and Budget Counseling, Inc.\",\"description\":\"Just another Consumer Credit and Budget Counseling, Inc. Sites site\",\"potentialAction\":[{\"@type\":\"SearchAction\",\"target\":{\"@type\":\"EntryPoint\",\"urlTemplate\":\"https:\/\/cc-bc.com\/es\/?s={search_term_string}\"},\"query-input\":{\"@type\":\"PropertyValueSpecification\",\"valueRequired\":true,\"valueName\":\"search_term_string\"}}],\"inLanguage\":\"es\"}]}<\/script>\n<!-- \/ Yoast SEO plugin. -->","yoast_head_json":{"title":"Modificaci\u00f3n de la Hipoteca - Consumer Credit and Budget Counseling, Inc.","robots":{"index":"index","follow":"follow","max-snippet":"max-snippet:-1","max-image-preview":"max-image-preview:large","max-video-preview":"max-video-preview:-1"},"canonical":"https:\/\/cc-bc.com\/es\/modificacion-de-la-hipoteca\/","og_locale":"es_ES","og_type":"article","og_title":"Modificaci\u00f3n de la Hipoteca - Consumer Credit and Budget Counseling, Inc.","og_url":"https:\/\/cc-bc.com\/es\/modificacion-de-la-hipoteca\/","og_site_name":"Consumer Credit and Budget Counseling, Inc.","article_modified_time":"2023-04-11T19:21:30+00:00","og_image":[{"url":"https:\/\/img1.wsimg.com\/isteam\/ip\/7f429793-3629-4e69-a97e-9e1cbd98fa0d\/Depositphotos_2329065_xl-2015.jpg\/:\/","type":"","width":"","height":""}],"twitter_card":"summary_large_image","twitter_misc":{"Tiempo de lectura":"6 minutos"},"schema":{"@context":"https:\/\/schema.org","@graph":[{"@type":"WebPage","@id":"https:\/\/cc-bc.com\/es\/modificacion-de-la-hipoteca\/","url":"https:\/\/cc-bc.com\/es\/modificacion-de-la-hipoteca\/","name":"Modificaci\u00f3n de la Hipoteca - Consumer Credit and Budget Counseling, Inc.","isPartOf":{"@id":"https:\/\/cc-bc.com\/es\/#website"},"primaryImageOfPage":{"@id":"https:\/\/cc-bc.com\/es\/modificacion-de-la-hipoteca\/#primaryimage"},"image":{"@id":"https:\/\/cc-bc.com\/es\/modificacion-de-la-hipoteca\/#primaryimage"},"thumbnailUrl":"https:\/\/img1.wsimg.com\/isteam\/ip\/7f429793-3629-4e69-a97e-9e1cbd98fa0d\/Depositphotos_2329065_xl-2015.jpg\/:\/","datePublished":"2021-07-30T21:03:20+00:00","dateModified":"2023-04-11T19:21:30+00:00","breadcrumb":{"@id":"https:\/\/cc-bc.com\/es\/modificacion-de-la-hipoteca\/#breadcrumb"},"inLanguage":"es","potentialAction":[{"@type":"ReadAction","target":["https:\/\/cc-bc.com\/es\/modificacion-de-la-hipoteca\/"]}]},{"@type":"ImageObject","inLanguage":"es","@id":"https:\/\/cc-bc.com\/es\/modificacion-de-la-hipoteca\/#primaryimage","url":"https:\/\/img1.wsimg.com\/isteam\/ip\/7f429793-3629-4e69-a97e-9e1cbd98fa0d\/Depositphotos_2329065_xl-2015.jpg\/:\/","contentUrl":"https:\/\/img1.wsimg.com\/isteam\/ip\/7f429793-3629-4e69-a97e-9e1cbd98fa0d\/Depositphotos_2329065_xl-2015.jpg\/:\/"},{"@type":"BreadcrumbList","@id":"https:\/\/cc-bc.com\/es\/modificacion-de-la-hipoteca\/#breadcrumb","itemListElement":[{"@type":"ListItem","position":1,"name":"Home","item":"https:\/\/cc-bc.com\/es\/"},{"@type":"ListItem","position":2,"name":"Modificaci\u00f3n de la Hipoteca"}]},{"@type":"WebSite","@id":"https:\/\/cc-bc.com\/es\/#website","url":"https:\/\/cc-bc.com\/es\/","name":"Consumer Credit and Budget Counseling, Inc.","description":"Just another Consumer Credit and Budget Counseling, Inc. Sites site","potentialAction":[{"@type":"SearchAction","target":{"@type":"EntryPoint","urlTemplate":"https:\/\/cc-bc.com\/es\/?s={search_term_string}"},"query-input":{"@type":"PropertyValueSpecification","valueRequired":true,"valueName":"search_term_string"}}],"inLanguage":"es"}]}},"_links":{"self":[{"href":"https:\/\/cc-bc.com\/es\/wp-json\/wp\/v2\/pages\/475","targetHints":{"allow":["GET"]}}],"collection":[{"href":"https:\/\/cc-bc.com\/es\/wp-json\/wp\/v2\/pages"}],"about":[{"href":"https:\/\/cc-bc.com\/es\/wp-json\/wp\/v2\/types\/page"}],"author":[{"embeddable":true,"href":"https:\/\/cc-bc.com\/es\/wp-json\/wp\/v2\/users\/2"}],"replies":[{"embeddable":true,"href":"https:\/\/cc-bc.com\/es\/wp-json\/wp\/v2\/comments?post=475"}],"version-history":[{"count":4,"href":"https:\/\/cc-bc.com\/es\/wp-json\/wp\/v2\/pages\/475\/revisions"}],"predecessor-version":[{"id":1101,"href":"https:\/\/cc-bc.com\/es\/wp-json\/wp\/v2\/pages\/475\/revisions\/1101"}],"wp:attachment":[{"href":"https:\/\/cc-bc.com\/es\/wp-json\/wp\/v2\/media?parent=475"}],"curies":[{"name":"wp","href":"https:\/\/api.w.org\/{rel}","templated":true}]}}