{"id":259,"date":"2021-07-30T18:23:17","date_gmt":"2021-07-30T18:23:17","guid":{"rendered":"https:\/\/cc-bc.com\/?page_id=259"},"modified":"2024-06-24T12:07:00","modified_gmt":"2024-06-24T16:07:00","slug":"consejeria-de-vivienda","status":"publish","type":"page","link":"https:\/\/cc-bc.com\/es\/consejeria-de-vivienda\/","title":{"rendered":"Consejer\u00eda de Vivienda"},"content":{"rendered":"\n<div vt-id=\"612bc3b7-f076-41e6-b6c5-173f3ad82b06\" class=\"wp-block-vt-container ab-block-container\"><div class=\"ab-container-inside container\"><div class=\"ab-container-content\">\n<div vt-id=\"bc083247-a8d9-4396-bb13-466e04535b33\" class=\"wp-block-vt-container ab-block-container\"><div class=\"ab-container-inside text-center\"><div class=\"ab-container-content\"><div class=\"flex flex-col\">\n         <H2 class='ml-3 mb-14 | VT-Heading'>Servicios de Consejer\u00eda de Vivienda<\/H2><\/div><\/div><\/div><\/div>\n<\/div><\/div><\/div>\n\n\n\n<div vt-id=\"ef74e78c-7a8a-4868-a48d-1def534b2612\" class=\"wp-block-vt-ab-columns container text-center ab-layout-columns-6 six-column\"><div class=\"ab-layout-column-wrap row\">\n<div vt-id=\"8d9e986e-90c1-44f5-8668-e3f32c840912\" class=\"mb-14 col-12 col-xl-4 col-sm-12 col-xs-12 col-md-6 col-lg-4 ab-block-layout-column\"><div class=\"ab-block-layout-column-inner\">\n<h4 class=\"wp-block-heading\">Consejer\u00eda en l\u00ednea para compradores de vivienda<\/h4>\n\n\n\n<figure class=\"wp-block-image size-full\"><img decoding=\"async\" src=\"https:\/\/cc-bc.com\/wp-content\/uploads\/2021\/07\/image.webp\" alt=\"Realtor giving tour outside a home to a family\" class=\"wp-image-279\"\/><\/figure>\n\n\n\n<p>Ofrecemos el Programa de Certificaci\u00f3n de Educaci\u00f3n y Consejer\u00eda para la Compra de Vivienda en L\u00ednea como una comodidad para aquellos potenciales compradores de vivienda cuyos horarios o circunstancias no les permiten asistir a las clases regulares y a la consejer\u00eda individual para la compra de vivienda.<\/p>\n\n\n\n<p><a href=\"https:\/\/www.homebuyercert.org\/\" rel=\"noreferrer noopener\" target=\"_blank\">HomeBuyerCert.org<\/a><\/p>\n\n\n\n<div style=\"text-align:center\" class=\"wp-block-vt-cta\"><a href=\"https:\/\/www.homebuyercert.org\/\" target=\"_blank\" class=\"btn btn-primary\" rel=\"noopener noreferrer\">INSCR\u00cdBASE HOY MISMO <\/a><\/div>\n<\/div><\/div>\n\n\n\n<div vt-id=\"ba0b5071-2457-4ed9-95ad-9d27dd954ead\" class=\"mb-14 col-12 col-xl-4 col-lg-4 col-md-6 col-sm-12 col-xs-12 ab-block-layout-column\"><div class=\"ab-block-layout-column-inner\">\n<h4 class=\"wp-block-heading\">Consejer\u00eda sobre hipotecas inversas<\/h4>\n\n\n\n<figure class=\"wp-block-image size-full\"><img decoding=\"async\" src=\"https:\/\/cc-bc.com\/wp-content\/uploads\/2021\/07\/image.jpeg\" alt=\"Smiling elderly couple\" class=\"wp-image-282\"\/><\/figure>\n\n\n\n<p>Pulse un bot\u00f3n y obtenga consejer\u00eda sobre hipoteca inversa<\/p>\n\n\n\n<p>Reserve su cita en l\u00ednea, \u00a1hoy mismo!<\/p>\n\n\n\n<p>Sabemos que una hipoteca inversa es una GRAN decisi\u00f3n y usted debe asegurarse de que tiene toda la informaci\u00f3n necesaria para tomar una decisi\u00f3n informada con respecto a una hipoteca inversa.&nbsp;<\/p>\n\n\n\n<p><a href=\"https:\/\/reversecert.org\/\" rel=\"noreferrer noopener\" target=\"_blank\">ReverseCert.org<\/a><\/p>\n\n\n\n<div style=\"text-align:center\" class=\"wp-block-vt-cta\"><a href=\"https:\/\/reversecert.org\/\" target=\"_blank\" class=\"btn btn-primary\" rel=\"noopener noreferrer\">HAGA UNA CITA AHORA <\/a><\/div>\n<\/div><\/div>\n\n\n\n<div vt-id=\"442df422-f840-4ab9-91d3-930105e246da\" class=\"mb-14 col-12 col-xl-4 col-lg-4 col-md-6 col-sm-12 col-xs-12 ab-block-layout-column\"><div class=\"ab-block-layout-column-inner\">\n<h4 class=\"wp-block-heading\">Certificaci\u00f3n de Propietario<\/h4>\n\n\n\n<figure class=\"wp-block-image size-full\"><img decoding=\"async\" src=\"https:\/\/cc-bc.com\/wp-content\/uploads\/2021\/07\/image-1.jpeg\" alt=\"Image of a 2 story house from the outside\" class=\"wp-image-283\"\/><\/figure>\n\n\n\n<p>Ofrecemos un curso en l\u00ednea f\u00e1cil y conveniente, que cumple con el requisito de su prestamista para la certificaci\u00f3n de la educaci\u00f3n del propietario.<\/p>\n\n\n\n<p><a href=\"https:\/\/www.landlordcert.org\/\" rel=\"noreferrer noopener\" target=\"_blank\">LandLordCert.org<\/a><\/p>\n\n\n\n<div style=\"text-align:center\" class=\"wp-block-vt-cta\"><a href=\"https:\/\/www.landlordcert.org\/\" target=\"_blank\" class=\"btn btn-primary\" rel=\"noopener noreferrer\">CURSO EN L\u00cdNEA <\/a><\/div>\n<\/div><\/div>\n\n\n\n<div vt-id=\"ad6af734-4489-4938-9a83-473d49c5a2d0\" class=\"mb-14 col-12 col-xl-4 col-lg-4 col-md-6 col-sm-12 col-xs-12 ab-block-layout-column\"><div class=\"ab-block-layout-column-inner\">\n<h4 class=\"wp-block-heading\">Mediaci\u00f3n en ejecuciones hipotecarias en Nueva Jersey<\/h4>\n\n\n\n<figure class=\"wp-block-image size-full\"><img decoding=\"async\" src=\"https:\/\/cc-bc.com\/wp-content\/uploads\/2021\/07\/image-6.webp\" alt=\"Couple signing paperwork\" class=\"wp-image-305\"\/><\/figure>\n\n\n\n<p>Bajo el Programa de Mediaci\u00f3n de Ejecuci\u00f3n Hipotecaria usted tendr\u00e1 la oportunidad de que un mediador designado por la corte se asegure de que el prestamista explore TODAS las soluciones alternativas que est\u00e1n disponibles para usted. Le ayudamos a solicitar el programa y a preparar la presentaci\u00f3n de los documentos necesarios.&nbsp;<\/p>\n<\/div><\/div>\n\n\n\n<div vt-id=\"1aa0ee9b-360b-426c-97f1-09d0579d2ace\" class=\"mb-14 col-12 col-xl-4 col-lg-4 col-md-6 col-sm-12 col-xs-12 ab-block-layout-column\"><div class=\"ab-block-layout-column-inner\">\n<h4 class=\"wp-block-heading\">Intervenci\u00f3n en la ejecuci\u00f3n de la hipoteca inversa<\/h4>\n\n\n\n<h4 class=\"wp-block-heading\"><\/h4>\n\n\n\n<h4 class=\"wp-block-heading\"><\/h4>\n\n\n\n<figure class=\"wp-block-image size-full\"><img decoding=\"async\" src=\"https:\/\/cc-bc.com\/wp-content\/uploads\/2021\/07\/image-5.webp\" alt=\"Sad couple in front of a foreclosure house for sale sign\" class=\"wp-image-304\"\/><\/figure>\n\n\n\n<p>Necesita ayuda para evitar la ejecuci\u00f3n de la hipoteca inversa.&nbsp; Hemos ayudado a miles de personas mayores a evitar la ejecuci\u00f3n hipotecaria y es posible que podamos ayudarlo.<\/p>\n<\/div><\/div>\n\n\n\n<div vt-id=\"bb6d45a5-a431-4101-808f-84f04e2e9fdd\" class=\"mb-14 col-12 col-xl-4 col-lg-4 col-md-6 col-sm-12 col-xs-12 ab-block-layout-column\"><div class=\"ab-block-layout-column-inner\">\n<h4 class=\"wp-block-heading\">Consejer\u00eda sobre morosidad\/falta de pago de hipotecas<\/h4>\n\n\n\n<h4 class=\"wp-block-heading\"><\/h4>\n\n\n\n<h4 class=\"wp-block-heading\"><\/h4>\n\n\n\n<figure class=\"wp-block-image size-full\"><img decoding=\"async\" src=\"https:\/\/cc-bc.com\/wp-content\/uploads\/2021\/07\/image-4.webp\" alt=\"Plastic toy house floating in a pool life saver ring\" class=\"wp-image-303\"\/><\/figure>\n\n\n\n<p>Consumer Credit and Budget Counseling, una agencia de consejer\u00eda de vivienda aprobada por el Departamento de Vivienda y Desarrollo Urbano (HUD, por sus siglas en ingl\u00e9s), ayuda a los propietarios morosos y a los que se enfrentan a una ejecuci\u00f3n hipotecaria. Ellos ayudan a los clientes a examinar su situaci\u00f3n actual y les ayudan a determinar si mantener la casa es posible, y los pasos que los clientes tendr\u00e1n que tomar para mantener su casa. <strong>LLAME AL<\/strong><\/p>\n\n\n\n<p><strong><strong><a class=\"tracking-phone-click\" href=\"tel:(844) 779-1401\"><span class=\"tracking-phone\">(844) 779-1401<\/span><\/a><\/strong><\/strong><\/p>\n\n\n\n<div style=\"text-align:center\" class=\"wp-block-vt-cta\"><a href=\"\/es\/modificacion-de-la-hipoteca\/\" class=\"btn btn-primary\" rel=\"noopener noreferrer\">MODIFICACI\u00d3N DE LA HIPOTECA <\/a><\/div>\n<\/div><\/div>\n<\/div><\/div>\n\n\n\n<div vt-id=\"9a6e097f-41be-4b4a-818f-95a2560c883b\" class=\"wp-block-vt-ab-columns container text-center ab-layout-columns-2 md_6_6\"><div class=\"ab-layout-column-wrap row\">\n<div vt-id=\"0ac47c79-8c20-495f-a82b-44ba2a5683c8\" class=\"mb-14 col-12 col-xl-4 col-lg-4 col-md-6 col-sm-12 col-xs-12 ab-block-layout-column\"><div class=\"ab-block-layout-column-inner\">\n<h4 class=\"wp-block-heading\">Consejer\u00eda sobre pr\u00e9stamos de alto costo<\/h4>\n\n\n\n<figure class=\"wp-block-image size-full\"><img decoding=\"async\" src=\"https:\/\/cc-bc.com\/wp-content\/uploads\/2021\/07\/image-1.webp\" alt=\"Stack of money and a toy house on a see-saw\" class=\"wp-image-300\"\/><\/figure>\n\n\n\n<p>\u00bfNecesita HOEPA, Secci\u00f3n 32 o consejer\u00eda sobre pr\u00e9stamos de alto costo?&nbsp; Ofrecemos un curso de educaci\u00f3n en l\u00ednea que cumple con los requisitos de su prestamista.<\/p>\n\n\n\n<div style=\"text-align:center\" class=\"wp-block-vt-cta\"><a href=\"https:\/\/www.homebuyercert.org\/\" target=\"_blank\" class=\"btn btn-primary\" rel=\"noopener noreferrer\">INSCR\u00cdBASE HOY MISMO <\/a><\/div>\n<\/div><\/div>\n\n\n\n<div vt-id=\"0deb0985-c935-42c2-a368-75cb55ff5904\" class=\"mb-14 col-12 col-xl-4 col-lg-4 col-md-6 col-sm-12 col-xs-12 ab-block-layout-column\"><div class=\"ab-block-layout-column-inner\">\n<h4 class=\"wp-block-heading\">Consejer\u00eda previa a la compra<\/h4>\n\n\n\n<figure class=\"wp-block-image size-full\"><img decoding=\"async\" src=\"https:\/\/cc-bc.com\/wp-content\/uploads\/2021\/07\/image-3.webp\" alt=\"Couple pointing to a cloud in the sky resembling a house\" class=\"wp-image-302\"\/><\/figure>\n\n\n\n<p>\u00bfNecesita ayuda para prepararse para ser propietario de una vivienda?&nbsp; \u00bfSu cr\u00e9dito necesita ayuda? Le ayudaremos a alcanzar sus sue\u00f1os de ser propietario de una vivienda.&nbsp;<\/p>\n\n\n\n<div style=\"text-align:center\" class=\"wp-block-vt-cta\"><a href=\"https:\/\/www.homebuyercert.org\/\" target=\"_blank\" class=\"btn btn-primary\" rel=\"noopener noreferrer\">INSCR\u00cdBASE HOY MISMO <\/a><\/div>\n<\/div><\/div>\n<\/div><\/div>\n","protected":false},"excerpt":{"rendered":"","protected":false},"author":2,"featured_media":0,"parent":0,"menu_order":0,"comment_status":"closed","ping_status":"closed","template":"","meta":{"_acf_changed":false,"vt_media_queries":"[vt-id=\"bc083247-a8d9-4396-bb13-466e04535b33\"] {padding-top: 50px;}[vt-id=\"0deb0985-c935-42c2-a368-75cb55ff5904\"] {margin-right: auto;\nmargin-left: auto;}","footnotes":""},"class_list":["post-259","page","type-page","status-publish","hentry"],"acf":[],"featured_image_src":"","featured_image_src_square":"","yoast_head":"<!-- This site is optimized with the Yoast SEO plugin v25.8 - https:\/\/yoast.com\/wordpress\/plugins\/seo\/ -->\n<title>Consejer\u00eda de Vivienda - Consumer Credit and Budget Counseling, Inc.<\/title>\n<meta name=\"robots\" content=\"index, follow, max-snippet:-1, max-image-preview:large, max-video-preview:-1\" \/>\n<link rel=\"canonical\" href=\"https:\/\/cc-bc.com\/es\/consejeria-de-vivienda\/\" \/>\n<meta property=\"og:locale\" content=\"es_ES\" \/>\n<meta property=\"og:type\" content=\"article\" \/>\n<meta property=\"og:title\" content=\"Consejer\u00eda de Vivienda - Consumer Credit and Budget Counseling, Inc.\" \/>\n<meta property=\"og:url\" content=\"https:\/\/cc-bc.com\/es\/consejeria-de-vivienda\/\" \/>\n<meta property=\"og:site_name\" content=\"Consumer Credit and Budget Counseling, Inc.\" \/>\n<meta property=\"article:modified_time\" content=\"2024-06-24T16:07:00+00:00\" \/>\n<meta property=\"og:image\" content=\"https:\/\/cc-bc.com\/wp-content\/uploads\/2021\/07\/image.webp\" \/>\n<meta name=\"twitter:card\" content=\"summary_large_image\" \/>\n<meta name=\"twitter:label1\" content=\"Tiempo de lectura\" \/>\n\t<meta name=\"twitter:data1\" content=\"4 minutos\" \/>\n<script type=\"application\/ld+json\" class=\"yoast-schema-graph\">{\"@context\":\"https:\/\/schema.org\",\"@graph\":[{\"@type\":\"WebPage\",\"@id\":\"https:\/\/cc-bc.com\/es\/consejeria-de-vivienda\/\",\"url\":\"https:\/\/cc-bc.com\/es\/consejeria-de-vivienda\/\",\"name\":\"Consejer\u00eda de Vivienda - Consumer Credit and Budget Counseling, Inc.\",\"isPartOf\":{\"@id\":\"https:\/\/cc-bc.com\/es\/#website\"},\"primaryImageOfPage\":{\"@id\":\"https:\/\/cc-bc.com\/es\/consejeria-de-vivienda\/#primaryimage\"},\"image\":{\"@id\":\"https:\/\/cc-bc.com\/es\/consejeria-de-vivienda\/#primaryimage\"},\"thumbnailUrl\":\"https:\/\/cc-bc.com\/wp-content\/uploads\/2021\/07\/image.webp\",\"datePublished\":\"2021-07-30T18:23:17+00:00\",\"dateModified\":\"2024-06-24T16:07:00+00:00\",\"breadcrumb\":{\"@id\":\"https:\/\/cc-bc.com\/es\/consejeria-de-vivienda\/#breadcrumb\"},\"inLanguage\":\"es\",\"potentialAction\":[{\"@type\":\"ReadAction\",\"target\":[\"https:\/\/cc-bc.com\/es\/consejeria-de-vivienda\/\"]}]},{\"@type\":\"ImageObject\",\"inLanguage\":\"es\",\"@id\":\"https:\/\/cc-bc.com\/es\/consejeria-de-vivienda\/#primaryimage\",\"url\":\"https:\/\/cc-bc.com\/wp-content\/uploads\/2021\/07\/image.webp\",\"contentUrl\":\"https:\/\/cc-bc.com\/wp-content\/uploads\/2021\/07\/image.webp\"},{\"@type\":\"BreadcrumbList\",\"@id\":\"https:\/\/cc-bc.com\/es\/consejeria-de-vivienda\/#breadcrumb\",\"itemListElement\":[{\"@type\":\"ListItem\",\"position\":1,\"name\":\"Home\",\"item\":\"https:\/\/cc-bc.com\/es\/\"},{\"@type\":\"ListItem\",\"position\":2,\"name\":\"Consejer\u00eda de Vivienda\"}]},{\"@type\":\"WebSite\",\"@id\":\"https:\/\/cc-bc.com\/es\/#website\",\"url\":\"https:\/\/cc-bc.com\/es\/\",\"name\":\"Consumer Credit and Budget Counseling, Inc.\",\"description\":\"Just another Consumer Credit and Budget Counseling, Inc. Sites site\",\"potentialAction\":[{\"@type\":\"SearchAction\",\"target\":{\"@type\":\"EntryPoint\",\"urlTemplate\":\"https:\/\/cc-bc.com\/es\/?s={search_term_string}\"},\"query-input\":{\"@type\":\"PropertyValueSpecification\",\"valueRequired\":true,\"valueName\":\"search_term_string\"}}],\"inLanguage\":\"es\"}]}<\/script>\n<!-- \/ Yoast SEO plugin. -->","yoast_head_json":{"title":"Consejer\u00eda de Vivienda - Consumer Credit and Budget Counseling, Inc.","robots":{"index":"index","follow":"follow","max-snippet":"max-snippet:-1","max-image-preview":"max-image-preview:large","max-video-preview":"max-video-preview:-1"},"canonical":"https:\/\/cc-bc.com\/es\/consejeria-de-vivienda\/","og_locale":"es_ES","og_type":"article","og_title":"Consejer\u00eda de Vivienda - Consumer Credit and Budget Counseling, Inc.","og_url":"https:\/\/cc-bc.com\/es\/consejeria-de-vivienda\/","og_site_name":"Consumer Credit and Budget Counseling, Inc.","article_modified_time":"2024-06-24T16:07:00+00:00","og_image":[{"url":"https:\/\/cc-bc.com\/wp-content\/uploads\/2021\/07\/image.webp","type":"","width":"","height":""}],"twitter_card":"summary_large_image","twitter_misc":{"Tiempo de lectura":"4 minutos"},"schema":{"@context":"https:\/\/schema.org","@graph":[{"@type":"WebPage","@id":"https:\/\/cc-bc.com\/es\/consejeria-de-vivienda\/","url":"https:\/\/cc-bc.com\/es\/consejeria-de-vivienda\/","name":"Consejer\u00eda de Vivienda - Consumer Credit and Budget Counseling, Inc.","isPartOf":{"@id":"https:\/\/cc-bc.com\/es\/#website"},"primaryImageOfPage":{"@id":"https:\/\/cc-bc.com\/es\/consejeria-de-vivienda\/#primaryimage"},"image":{"@id":"https:\/\/cc-bc.com\/es\/consejeria-de-vivienda\/#primaryimage"},"thumbnailUrl":"https:\/\/cc-bc.com\/wp-content\/uploads\/2021\/07\/image.webp","datePublished":"2021-07-30T18:23:17+00:00","dateModified":"2024-06-24T16:07:00+00:00","breadcrumb":{"@id":"https:\/\/cc-bc.com\/es\/consejeria-de-vivienda\/#breadcrumb"},"inLanguage":"es","potentialAction":[{"@type":"ReadAction","target":["https:\/\/cc-bc.com\/es\/consejeria-de-vivienda\/"]}]},{"@type":"ImageObject","inLanguage":"es","@id":"https:\/\/cc-bc.com\/es\/consejeria-de-vivienda\/#primaryimage","url":"https:\/\/cc-bc.com\/wp-content\/uploads\/2021\/07\/image.webp","contentUrl":"https:\/\/cc-bc.com\/wp-content\/uploads\/2021\/07\/image.webp"},{"@type":"BreadcrumbList","@id":"https:\/\/cc-bc.com\/es\/consejeria-de-vivienda\/#breadcrumb","itemListElement":[{"@type":"ListItem","position":1,"name":"Home","item":"https:\/\/cc-bc.com\/es\/"},{"@type":"ListItem","position":2,"name":"Consejer\u00eda de Vivienda"}]},{"@type":"WebSite","@id":"https:\/\/cc-bc.com\/es\/#website","url":"https:\/\/cc-bc.com\/es\/","name":"Consumer Credit and Budget Counseling, Inc.","description":"Just another Consumer Credit and Budget Counseling, Inc. Sites site","potentialAction":[{"@type":"SearchAction","target":{"@type":"EntryPoint","urlTemplate":"https:\/\/cc-bc.com\/es\/?s={search_term_string}"},"query-input":{"@type":"PropertyValueSpecification","valueRequired":true,"valueName":"search_term_string"}}],"inLanguage":"es"}]}},"_links":{"self":[{"href":"https:\/\/cc-bc.com\/es\/wp-json\/wp\/v2\/pages\/259","targetHints":{"allow":["GET"]}}],"collection":[{"href":"https:\/\/cc-bc.com\/es\/wp-json\/wp\/v2\/pages"}],"about":[{"href":"https:\/\/cc-bc.com\/es\/wp-json\/wp\/v2\/types\/page"}],"author":[{"embeddable":true,"href":"https:\/\/cc-bc.com\/es\/wp-json\/wp\/v2\/users\/2"}],"replies":[{"embeddable":true,"href":"https:\/\/cc-bc.com\/es\/wp-json\/wp\/v2\/comments?post=259"}],"version-history":[{"count":4,"href":"https:\/\/cc-bc.com\/es\/wp-json\/wp\/v2\/pages\/259\/revisions"}],"predecessor-version":[{"id":1118,"href":"https:\/\/cc-bc.com\/es\/wp-json\/wp\/v2\/pages\/259\/revisions\/1118"}],"wp:attachment":[{"href":"https:\/\/cc-bc.com\/es\/wp-json\/wp\/v2\/media?parent=259"}],"curies":[{"name":"wp","href":"https:\/\/api.w.org\/{rel}","templated":true}]}}