{"id":1321,"date":"2025-01-17T14:23:19","date_gmt":"2025-01-17T19:23:19","guid":{"rendered":"https:\/\/cc-bc.com\/es\/?page_id=1321"},"modified":"2025-01-17T14:23:20","modified_gmt":"2025-01-17T19:23:20","slug":"divulgacion-de-firma-electronica","status":"publish","type":"page","link":"https:\/\/cc-bc.com\/es\/divulgacion-de-firma-electronica\/","title":{"rendered":"Divulgaci\u00f3n de Firma Electr\u00f3nica"},"content":{"rendered":"\n<p><\/p>\n\n\n\n<div style=\"height:40px\" aria-hidden=\"true\" class=\"wp-block-spacer\"><\/div>\n\n\n\n<div class=\"wp-block-group container\"><div class=\"wp-block-group__inner-container is-layout-constrained wp-block-group-is-layout-constrained\"><h2 class=\"wp-block-post-title\">Divulgaci\u00f3n de Firma Electr\u00f3nica<\/h2>\n\n\n<p><strong>DIVULGACI\u00d3N: Para la conveniencia del consumidor, esta es una copia de las Divulgaciones de la Ley E-Sign incluidas en la Divulgaci\u00f3n TCPA que se encuentra en el formulario que firm\u00f3 y present\u00f3 a NFDM con el fin de que NFDM se ponga en contacto con usted respecto a los servicios de NFDM. Tenga en cuenta que el bot\u00f3n \u201cAceptar y Enviar\u201d al que se hace referencia en esta copia es nuestro bot\u00f3n de acci\u00f3n est\u00e1ndar, y que el bot\u00f3n de acci\u00f3n que presion\u00f3 al enviar el formulario puede haber tenido un lenguaje de aceptaci\u00f3n diferente. Dado que esta es una copia de las Divulgaciones de la Ley E-Sign, no es necesario que tome ninguna acci\u00f3n. Puede imprimir y guardar este formulario para sus registros.<\/strong><\/p>\n\n\n\n<p><strong>Consentimiento para el uso de registros y firmas electr\u00f3nicas<\/strong><\/p>\n\n\n\n<p>Usted tiene la oportunidad de completar y firmar documentos, as\u00ed como recibir avisos y otros documentos relacionados con su Formulario de env\u00edo y la interacci\u00f3n con&nbsp;<strong>NFDM<\/strong>, en formato electr\u00f3nico en lugar de formato impreso. Para aceptar estos usos de documentos y firmas electr\u00f3nicos, y firmar este documento con el mismo efecto que firmar f\u00edsicamente su nombre, haga clic en&nbsp;<strong><strong>\u201cAceptar y Enviar\u201d<\/strong><\/strong>&nbsp;en la parte inferior del formulario en la p\u00e1gina despu\u00e9s de revisar la siguiente informaci\u00f3n.<\/p>\n\n\n\n<p>Para firmar, completar y recibir documentos electr\u00f3nicamente necesitar\u00e1 lo siguiente:<\/p>\n\n\n\n<ul class=\"wp-block-list\">\n<li>Una direcci\u00f3n de correo electr\u00f3nico personal;<\/li>\n\n\n\n<li>Una computadora u otro dispositivo con software de correo electr\u00f3nico est\u00e1ndar;<\/li>\n\n\n\n<li>La versi\u00f3n actual de Chrome, Firefox, Edge o Safari;<\/li>\n\n\n\n<li>Una conexi\u00f3n a Internet;<\/li>\n\n\n\n<li>Una impresora si desea imprimir copias en papel.<\/li>\n<\/ul>\n\n\n\n<p>Como alternativa, puede optar por comunicarse con&nbsp;<strong>NFDM<\/strong>, a trav\u00e9s de una llamada telef\u00f3nica y puede enviar cualquier solicitud de servicios a trav\u00e9s de versiones impresas de los documentos.<\/p>\n\n\n\n<p>Al hacer clic en&nbsp;<strong><strong>\u201cAceptar y Enviar\u201d<\/strong><\/strong>&nbsp;en la parte inferior del formulario en la p\u00e1gina, despu\u00e9s de revisar la informaci\u00f3n aqu\u00ed contenida, usted acepta firmar, completar y recibir electr\u00f3nicamente documentos relacionados con su solicitud de informaci\u00f3n e interacci\u00f3n con&nbsp;<strong>NFDM<\/strong>, durante esta sesi\u00f3n y cualquier sesi\u00f3n futura relacionada con este proceso. Adem\u00e1s, usted acepta recibir electr\u00f3nicamente: comunicaciones relacionadas con su solicitud e interacci\u00f3n con&nbsp;<strong>NFDM<\/strong>, incluidas solicitudes de informaci\u00f3n adicional; avisos de acciones tomadas requeridas por ley; y avisos de sus derechos de conformidad con las leyes aplicables. Su consentimiento se aplica a los documentos completados, firmados o proporcionados a trav\u00e9s de este sitio web, as\u00ed como a los documentos transmitidos por correo electr\u00f3nico.<\/p>\n\n\n\n<p>Si su informaci\u00f3n de contacto cambia, actualice sus datos con&nbsp;<strong>NFDM<\/strong>, comunic\u00e1ndose con&nbsp;<strong>NFDM<\/strong>&nbsp;utilizando los datos de contacto que se proporcionan a continuaci\u00f3n. Adem\u00e1s, usted tiene el derecho de retirar su consentimiento en cualquier momento contactando a&nbsp;<strong>NFDM<\/strong>. Puede actualizar su informaci\u00f3n o retirar su consentimiento de las siguientes maneras: llamando (solo en los EE. UU.) a&nbsp;<strong>NFDM<\/strong>&nbsp;al 1-800-352-8984, enviando un correo electr\u00f3nico a&nbsp;<a href=\"mailto:info@nfdm.org\">info@NFDM.org<\/a>&nbsp;o escribiendo a: 13291 Icot Blvd., Suite 706, Clearwater, FL 33760.<\/p>\n\n\n\n<p>Si usted retira su consentimiento, ya no tendr\u00e1 la posibilidad de firmar documentos electr\u00f3nicamente ni de recibir divulgaciones y otros documentos electr\u00f3nicamente. Su retiro del consentimiento es solo prospectivo y entrar\u00e1 en vigor despu\u00e9s de que hayamos tenido una oportunidad razonable para procesarlo. Despu\u00e9s de retirar su consentimiento, comun\u00edquese tambi\u00e9n con el representante de la empresa que le envi\u00f3 esta solicitud para hacer los arreglos necesarios para recibir copias impresas de los documentos y comunicaciones.<\/p>\n\n\n\n<p>Despu\u00e9s de dar su consentimiento, puede obtener copias de documentos y comunicaciones relacionados con su solicitud e interacci\u00f3n con&nbsp;<strong>NFDM<\/strong>, utilizando su navegador para imprimir copias en papel o guardar copias electr\u00f3nicas de documentos o pantallas durante esta sesi\u00f3n y sesiones futuras.<\/p>\n\n\n\n<p>Entiendo que al escribir mi nombre donde se indica en el formulario, proporcionar mi correo electr\u00f3nico y n\u00famero de tel\u00e9fono, y luego hacer clic en&nbsp;<strong><strong>\u201cAceptar y Enviar\u201d<\/strong><\/strong>, usted acepta el uso de registros y firmas electr\u00f3nicas de la manera descrita anteriormente, y el almacenamiento electr\u00f3nico de dichos documentos.<\/p>\n\n\n\n<p><a href=\"https:\/\/staging-nfdm.kinsta.cloud\/es\/credito-y-deuda\/#\"><\/a><\/p>\n<\/div><\/div>\n","protected":false},"excerpt":{"rendered":"<p>DIVULGACI\u00d3N: Para la conveniencia del consumidor, esta es una copia de las Divulgaciones de la Ley E-Sign incluidas en la Divulgaci\u00f3n TCPA que se encuentra en el formulario que firm\u00f3 y present\u00f3 a NFDM con el fin de que NFDM se ponga en contacto con usted respecto a los servicios de NFDM. Tenga en cuenta [&hellip;]<\/p>\n","protected":false},"author":1,"featured_media":0,"parent":0,"menu_order":0,"comment_status":"closed","ping_status":"closed","template":"","meta":{"_acf_changed":false,"vt_media_queries":"","footnotes":""},"class_list":["post-1321","page","type-page","status-publish","hentry"],"acf":[],"featured_image_src":"","featured_image_src_square":"","yoast_head":"<!-- This site is optimized with the Yoast SEO plugin v25.8 - https:\/\/yoast.com\/wordpress\/plugins\/seo\/ -->\n<title>Divulgaci\u00f3n de Firma Electr\u00f3nica - Consumer Credit and Budget Counseling, Inc.<\/title>\n<meta name=\"robots\" content=\"index, follow, max-snippet:-1, max-image-preview:large, max-video-preview:-1\" \/>\n<link rel=\"canonical\" href=\"https:\/\/cc-bc.com\/es\/divulgacion-de-firma-electronica\/\" \/>\n<meta property=\"og:locale\" content=\"es_ES\" \/>\n<meta property=\"og:type\" content=\"article\" \/>\n<meta property=\"og:title\" content=\"Divulgaci\u00f3n de Firma Electr\u00f3nica - Consumer Credit and Budget Counseling, Inc.\" \/>\n<meta property=\"og:description\" content=\"DIVULGACI\u00d3N: Para la conveniencia del consumidor, esta es una copia de las Divulgaciones de la Ley E-Sign incluidas en la Divulgaci\u00f3n TCPA que se encuentra en el formulario que firm\u00f3 y present\u00f3 a NFDM con el fin de que NFDM se ponga en contacto con usted respecto a los servicios de NFDM. Tenga en cuenta [&hellip;]\" \/>\n<meta property=\"og:url\" content=\"https:\/\/cc-bc.com\/es\/divulgacion-de-firma-electronica\/\" \/>\n<meta property=\"og:site_name\" content=\"Consumer Credit and Budget Counseling, Inc.\" \/>\n<meta property=\"article:modified_time\" content=\"2025-01-17T19:23:20+00:00\" \/>\n<meta name=\"twitter:card\" content=\"summary_large_image\" \/>\n<meta name=\"twitter:label1\" content=\"Tiempo de lectura\" \/>\n\t<meta name=\"twitter:data1\" content=\"3 minutos\" \/>\n<script type=\"application\/ld+json\" class=\"yoast-schema-graph\">{\"@context\":\"https:\/\/schema.org\",\"@graph\":[{\"@type\":\"WebPage\",\"@id\":\"https:\/\/cc-bc.com\/es\/divulgacion-de-firma-electronica\/\",\"url\":\"https:\/\/cc-bc.com\/es\/divulgacion-de-firma-electronica\/\",\"name\":\"Divulgaci\u00f3n de Firma Electr\u00f3nica - Consumer Credit and Budget Counseling, Inc.\",\"isPartOf\":{\"@id\":\"https:\/\/cc-bc.com\/es\/#website\"},\"datePublished\":\"2025-01-17T19:23:19+00:00\",\"dateModified\":\"2025-01-17T19:23:20+00:00\",\"breadcrumb\":{\"@id\":\"https:\/\/cc-bc.com\/es\/divulgacion-de-firma-electronica\/#breadcrumb\"},\"inLanguage\":\"es\",\"potentialAction\":[{\"@type\":\"ReadAction\",\"target\":[\"https:\/\/cc-bc.com\/es\/divulgacion-de-firma-electronica\/\"]}]},{\"@type\":\"BreadcrumbList\",\"@id\":\"https:\/\/cc-bc.com\/es\/divulgacion-de-firma-electronica\/#breadcrumb\",\"itemListElement\":[{\"@type\":\"ListItem\",\"position\":1,\"name\":\"Home\",\"item\":\"https:\/\/cc-bc.com\/es\/\"},{\"@type\":\"ListItem\",\"position\":2,\"name\":\"Divulgaci\u00f3n de Firma Electr\u00f3nica\"}]},{\"@type\":\"WebSite\",\"@id\":\"https:\/\/cc-bc.com\/es\/#website\",\"url\":\"https:\/\/cc-bc.com\/es\/\",\"name\":\"Consumer Credit and Budget Counseling, Inc.\",\"description\":\"Just another Consumer Credit and Budget Counseling, Inc. Sites site\",\"potentialAction\":[{\"@type\":\"SearchAction\",\"target\":{\"@type\":\"EntryPoint\",\"urlTemplate\":\"https:\/\/cc-bc.com\/es\/?s={search_term_string}\"},\"query-input\":{\"@type\":\"PropertyValueSpecification\",\"valueRequired\":true,\"valueName\":\"search_term_string\"}}],\"inLanguage\":\"es\"}]}<\/script>\n<!-- \/ Yoast SEO plugin. -->","yoast_head_json":{"title":"Divulgaci\u00f3n de Firma Electr\u00f3nica - Consumer Credit and Budget Counseling, Inc.","robots":{"index":"index","follow":"follow","max-snippet":"max-snippet:-1","max-image-preview":"max-image-preview:large","max-video-preview":"max-video-preview:-1"},"canonical":"https:\/\/cc-bc.com\/es\/divulgacion-de-firma-electronica\/","og_locale":"es_ES","og_type":"article","og_title":"Divulgaci\u00f3n de Firma Electr\u00f3nica - Consumer Credit and Budget Counseling, Inc.","og_description":"DIVULGACI\u00d3N: Para la conveniencia del consumidor, esta es una copia de las Divulgaciones de la Ley E-Sign incluidas en la Divulgaci\u00f3n TCPA que se encuentra en el formulario que firm\u00f3 y present\u00f3 a NFDM con el fin de que NFDM se ponga en contacto con usted respecto a los servicios de NFDM. Tenga en cuenta [&hellip;]","og_url":"https:\/\/cc-bc.com\/es\/divulgacion-de-firma-electronica\/","og_site_name":"Consumer Credit and Budget Counseling, Inc.","article_modified_time":"2025-01-17T19:23:20+00:00","twitter_card":"summary_large_image","twitter_misc":{"Tiempo de lectura":"3 minutos"},"schema":{"@context":"https:\/\/schema.org","@graph":[{"@type":"WebPage","@id":"https:\/\/cc-bc.com\/es\/divulgacion-de-firma-electronica\/","url":"https:\/\/cc-bc.com\/es\/divulgacion-de-firma-electronica\/","name":"Divulgaci\u00f3n de Firma Electr\u00f3nica - Consumer Credit and Budget Counseling, Inc.","isPartOf":{"@id":"https:\/\/cc-bc.com\/es\/#website"},"datePublished":"2025-01-17T19:23:19+00:00","dateModified":"2025-01-17T19:23:20+00:00","breadcrumb":{"@id":"https:\/\/cc-bc.com\/es\/divulgacion-de-firma-electronica\/#breadcrumb"},"inLanguage":"es","potentialAction":[{"@type":"ReadAction","target":["https:\/\/cc-bc.com\/es\/divulgacion-de-firma-electronica\/"]}]},{"@type":"BreadcrumbList","@id":"https:\/\/cc-bc.com\/es\/divulgacion-de-firma-electronica\/#breadcrumb","itemListElement":[{"@type":"ListItem","position":1,"name":"Home","item":"https:\/\/cc-bc.com\/es\/"},{"@type":"ListItem","position":2,"name":"Divulgaci\u00f3n de Firma Electr\u00f3nica"}]},{"@type":"WebSite","@id":"https:\/\/cc-bc.com\/es\/#website","url":"https:\/\/cc-bc.com\/es\/","name":"Consumer Credit and Budget Counseling, Inc.","description":"Just another Consumer Credit and Budget Counseling, Inc. Sites site","potentialAction":[{"@type":"SearchAction","target":{"@type":"EntryPoint","urlTemplate":"https:\/\/cc-bc.com\/es\/?s={search_term_string}"},"query-input":{"@type":"PropertyValueSpecification","valueRequired":true,"valueName":"search_term_string"}}],"inLanguage":"es"}]}},"_links":{"self":[{"href":"https:\/\/cc-bc.com\/es\/wp-json\/wp\/v2\/pages\/1321","targetHints":{"allow":["GET"]}}],"collection":[{"href":"https:\/\/cc-bc.com\/es\/wp-json\/wp\/v2\/pages"}],"about":[{"href":"https:\/\/cc-bc.com\/es\/wp-json\/wp\/v2\/types\/page"}],"author":[{"embeddable":true,"href":"https:\/\/cc-bc.com\/es\/wp-json\/wp\/v2\/users\/1"}],"replies":[{"embeddable":true,"href":"https:\/\/cc-bc.com\/es\/wp-json\/wp\/v2\/comments?post=1321"}],"version-history":[{"count":1,"href":"https:\/\/cc-bc.com\/es\/wp-json\/wp\/v2\/pages\/1321\/revisions"}],"predecessor-version":[{"id":1322,"href":"https:\/\/cc-bc.com\/es\/wp-json\/wp\/v2\/pages\/1321\/revisions\/1322"}],"wp:attachment":[{"href":"https:\/\/cc-bc.com\/es\/wp-json\/wp\/v2\/media?parent=1321"}],"curies":[{"name":"wp","href":"https:\/\/api.w.org\/{rel}","templated":true}]}}